{"id":36536,"date":"2025-11-04T10:57:49","date_gmt":"2025-11-04T10:57:49","guid":{"rendered":"https:\/\/frejus.memevault.site\/?page_id=36536"},"modified":"2025-11-04T11:00:42","modified_gmt":"2025-11-04T11:00:42","slug":"reglement-hygiene-securite","status":"publish","type":"page","link":"https:\/\/www.frejus.fun-city.fr\/index.php\/reglement-hygiene-securite\/","title":{"rendered":"R\u00e9glement, Hygi\u00e8ne &#038; S\u00e9curit\u00e9"},"content":{"rendered":"\t\t<div data-elementor-type=\"wp-page\" data-elementor-id=\"36536\" class=\"elementor elementor-36536\">\n\t\t\t\t\t\t<section class=\"elementor-section elementor-top-section elementor-element elementor-element-7b48562a elementor-section-boxed elementor-section-height-default elementor-section-height-default cmsmasters-block-default\" data-id=\"7b48562a\" data-element_type=\"section\" data-e-type=\"section\" data-settings=\"{&quot;background_background&quot;:&quot;classic&quot;,&quot;shape_divider_bottom&quot;:&quot;mountains&quot;}\">\n\t\t\t\t\t<div class=\"elementor-shape elementor-shape-bottom\" aria-hidden=\"true\" data-negative=\"false\">\n\t\t\t<svg xmlns=\"http:\/\/www.w3.org\/2000\/svg\" viewBox=\"0 0 1000 100\" preserveAspectRatio=\"none\">\n\t<path class=\"elementor-shape-fill\" opacity=\"0.33\" d=\"M473,67.3c-203.9,88.3-263.1-34-320.3,0C66,119.1,0,59.7,0,59.7V0h1000v59.7 c0,0-62.1,26.1-94.9,29.3c-32.8,3.3-62.8-12.3-75.8-22.1C806,49.6,745.3,8.7,694.9,4.7S492.4,59,473,67.3z\"\/>\n\t<path class=\"elementor-shape-fill\" opacity=\"0.66\" d=\"M734,67.3c-45.5,0-77.2-23.2-129.1-39.1c-28.6-8.7-150.3-10.1-254,39.1 s-91.7-34.4-149.2,0C115.7,118.3,0,39.8,0,39.8V0h1000v36.5c0,0-28.2-18.5-92.1-18.5C810.2,18.1,775.7,67.3,734,67.3z\"\/>\n\t<path class=\"elementor-shape-fill\" d=\"M766.1,28.9c-200-57.5-266,65.5-395.1,19.5C242,1.8,242,5.4,184.8,20.6C128,35.8,132.3,44.9,89.9,52.5C28.6,63.7,0,0,0,0 h1000c0,0-9.9,40.9-83.6,48.1S829.6,47,766.1,28.9z\"\/>\n<\/svg>\t\t<\/div>\n\t\t\t\t\t<div class=\"elementor-container elementor-column-gap-wide\">\n\t\t\t\t\t<div class=\"elementor-column elementor-col-100 elementor-top-column elementor-element elementor-element-401080fa\" data-id=\"401080fa\" data-element_type=\"column\" data-e-type=\"column\">\n\t\t\t<div class=\"elementor-widget-wrap elementor-element-populated\">\n\t\t\t\t\t\t<section class=\"elementor-section elementor-inner-section elementor-element elementor-element-34363aeb elementor-section-content-middle elementor-section-full_width elementor-section-height-default elementor-section-height-default cmsmasters-block-default\" data-id=\"34363aeb\" data-element_type=\"section\" data-e-type=\"section\">\n\t\t\t\t\t\t<div class=\"elementor-container elementor-column-gap-no\">\n\t\t\t\t\t<div class=\"elementor-column elementor-col-100 elementor-inner-column elementor-element elementor-element-3f920f8d\" data-id=\"3f920f8d\" data-element_type=\"column\" data-e-type=\"column\" data-settings=\"{&quot;background_background&quot;:&quot;classic&quot;}\">\n\t\t\t<div class=\"elementor-widget-wrap elementor-element-populated\">\n\t\t\t\t\t\t<div class=\"elementor-element elementor-element-6e8f7bde cmsmasters-block-default cmsmasters-sticky-default elementor-widget elementor-widget-heading\" data-id=\"6e8f7bde\" data-element_type=\"widget\" data-e-type=\"widget\" data-widget_type=\"heading.default\">\n\t\t\t\t\t<h2 class=\"elementor-heading-title elementor-size-default\">R\u00e9glement, Hygi\u00e8ne &amp; S\u00e9curit\u00e9<\/h2>\t\t\t\t<\/div>\n\t\t\t\t\t<\/div>\n\t\t<\/div>\n\t\t\t\t\t<\/div>\n\t\t<\/section>\n\t\t\t\t\t<\/div>\n\t\t<\/div>\n\t\t\t\t\t<\/div>\n\t\t<\/section>\n\t\t\t\t<section class=\"elementor-section elementor-top-section elementor-element elementor-element-451a7a59 elementor-section-full_width elementor-section-height-default elementor-section-height-default cmsmasters-block-default\" data-id=\"451a7a59\" data-element_type=\"section\" data-e-type=\"section\" data-settings=\"{&quot;background_background&quot;:&quot;classic&quot;,&quot;shape_divider_top&quot;:&quot;zigzag&quot;}\">\n\t\t\t\t\t<div class=\"elementor-shape elementor-shape-top\" aria-hidden=\"true\" data-negative=\"false\">\n\t\t\t<svg xmlns=\"http:\/\/www.w3.org\/2000\/svg\" viewBox=\"0 0 1800 5.8\" preserveAspectRatio=\"none\">\n  <path class=\"elementor-shape-fill\" d=\"M5.4.4l5.4 5.3L16.5.4l5.4 5.3L27.5.4 33 5.7 38.6.4l5.5 5.4h.1L49.9.4l5.4 5.3L60.9.4l5.5 5.3L72 .4l5.5 5.3L83.1.4l5.4 5.3L94.1.4l5.5 5.4h.2l5.6-5.4 5.5 5.3 5.6-5.3 5.4 5.3 5.6-5.3 5.5 5.3 5.6-5.3 5.5 5.4h.2l5.6-5.4 5.4 5.3L161 .4l5.4 5.3L172 .4l5.5 5.3 5.6-5.3 5.4 5.3 5.7-5.3 5.4 5.4h.2l5.6-5.4 5.5 5.3 5.6-5.3 5.5 5.3 5.6-5.3 5.4 5.3 5.6-5.3 5.5 5.4h.2l5.6-5.4 5.5 5.3L261 .4l5.4 5.3L272 .4l5.5 5.3 5.6-5.3 5.5 5.3 5.6-5.3 5.5 5.4h.1l5.7-5.4 5.4 5.3 5.6-5.3 5.5 5.3 5.6-5.3 5.4 5.3 5.7-5.3 5.4 5.4h.2l5.6-5.4 5.5 5.3L361 .4l5.5 5.3 5.6-5.3 5.4 5.3 5.6-5.3 5.5 5.3 5.6-5.3 5.5 5.4h.1l5.7-5.4 5.4 5.3 5.6-5.3 5.5 5.3 5.6-5.3 5.5 5.3 5.6-5.3 5.5 5.4h.1l5.6-5.4 5.5 5.3L461 .4l5.5 5.3 5.6-5.3 5.4 5.3 5.7-5.3 5.4 5.3 5.6-5.3 5.5 5.4h.2l5.6-5.4 5.5 5.3 5.6-5.3 5.4 5.3 5.6-5.3 5.5 5.3 5.6-5.3 5.5 5.4h.1L550 .4l5.4 5.3L561 .4l5.5 5.3 5.6-5.3 5.5 5.3 5.6-5.3 5.4 5.3 5.6-5.3 5.5 5.4h.2l5.6-5.4 5.5 5.3 5.6-5.3 5.4 5.3 5.7-5.3 5.4 5.3 5.6-5.3 5.5 5.4h.2L650 .4l5.5 5.3 5.6-5.3 5.4 5.3 5.6-5.3 5.5 5.3 5.6-5.3 5.5 5.3 5.6-5.3 5.4 5.4h.2l5.6-5.4 5.5 5.3 5.6-5.3 5.5 5.3 5.6-5.3 5.4 5.3 5.6-5.3 5.5 5.4h.2L750 .4l5.5 5.3 5.6-5.3 5.4 5.3 5.7-5.3 5.4 5.3 5.6-5.3 5.5 5.3 5.6-5.3 5.5 5.4h.1l5.7-5.4 5.4 5.3 5.6-5.3 5.5 5.3 5.6-5.3 5.5 5.3 5.6-5.3 5.4 5.4h.2L850 .4l5.5 5.3 5.6-5.3 5.5 5.3 5.6-5.3 5.4 5.3 5.6-5.3 5.5 5.3 5.6-5.3 5.5 5.4h.2l5.6-5.4 5.4 5.3 5.7-5.3 5.4 5.3 5.6-5.3 5.5 5.3 5.6-5.3 5.5 5.4h.1l5.7-5.4 5.4 5.3 5.6-5.3 5.5 5.3 5.6-5.3 5.5 5.3 5.6-5.3 5.4 5.3 5.6-5.3 5.5 5.4h.2l5.6-5.4 5.5 5.3 5.6-5.3 5.4 5.3 5.6-5.3 5.5 5.3 5.6-5.3 5.5 5.4h.2l5.6-5.4 5.4 5.3 5.7-5.3 5.4 5.3 5.6-5.3 5.5 5.3 5.6-5.3 5.5 5.3 5.6-5.3 5.4 5.4h.2l5.6-5.4 5.5 5.3 5.6-5.3 5.5 5.3 5.6-5.3 5.4 5.3 5.6-5.3 5.5 5.4h.2l5.6-5.4 5.5 5.3 5.6-5.3 5.4 5.3 5.6-5.3 5.5 5.3 5.6-5.3 5.5 5.3 5.6-5.3 5.5 5.4h.1l5.7-5.4 5.4 5.3 5.6-5.3 5.5 5.3 5.6-5.3 5.5 5.3 5.6-5.3 5.4 5.4h.2l5.6-5.4 5.5 5.3 5.6-5.3 5.5 5.3 5.6-5.3 5.4 5.3 5.6-5.3 5.5 5.3 5.6-5.3 5.5 5.4h.2l5.6-5.4 5.4 5.3 5.6-5.3 5.5 5.3 5.6-5.3 5.5 5.3 5.6-5.3 5.5 5.4h.1l5.7-5.4 5.4 5.3 5.6-5.3 5.5 5.3 5.6-5.3 5.5 5.3 5.6-5.3 5.4 5.3 5.6-5.3 5.5 5.4h.2l5.6-5.4 5.5 5.3 5.6-5.3 5.4 5.3 5.6-5.3 5.5 5.3 5.6-5.3 5.5 5.4h.2l5.6-5.4 5.4 5.3 5.6-5.3 5.5 5.3 5.6-5.3 5.5 5.3 5.6-5.3 5.4 5.3 5.7-5.3 5.4 5.4h.2l5.6-5.4 5.5 5.3 5.6-5.3 5.5 5.3 5.6-5.3 5.4 5.3 5.6-5.3 5.5 5.4h.2l5.6-5.4 5.5 5.3 5.6-5.3 5.4 5.3 5.6-5.3 5.5 5.3 5.6-5.3 5.5 5.3 5.6-5.3 5.5 5.4h.1l5.6-5.4 5.5 5.3 5.6-5.3 5.5 5.3 5.6-5.3 5.4 5.3 5.7-5.3 5.4 5.4h.2l5.6-5.4 5.5 5.3 5.6-5.3 5.5 5.3 5.6-5.3 5.4 5.3 5.6-5.3 5.5 5.3 5.6-5.3 5.5 5.4h.1l5.7-5.4 5.4 5.3 5.6-5.3 5.5 5.3 5.6-5.3 5.5 5.3 5.6-5.3 5.5 5.4h.1l5.6-5.4 5.5 5.3 5.6-5.3 5.5 5.3 5.6-5.3 5.4 5.3 5.7-5.3 5.4 5.3 5.6-5.3 5.5 5.4V0H-.2v5.8z\"\/>\n<\/svg>\n\t\t<\/div>\n\t\t\t\t\t<div class=\"elementor-container elementor-column-gap-no\">\n\t\t\t\t\t<div class=\"elementor-column elementor-col-100 elementor-top-column elementor-element elementor-element-638ffdc4\" data-id=\"638ffdc4\" data-element_type=\"column\" data-e-type=\"column\">\n\t\t\t<div class=\"elementor-widget-wrap elementor-element-populated\">\n\t\t\t\t\t\t<section class=\"elementor-section elementor-inner-section elementor-element elementor-element-26f80503 elementor-section-boxed elementor-section-height-default elementor-section-height-default cmsmasters-block-default\" data-id=\"26f80503\" data-element_type=\"section\" data-e-type=\"section\">\n\t\t\t\t\t\t<div class=\"elementor-container elementor-column-gap-wide\">\n\t\t\t\t\t<div class=\"elementor-column elementor-col-100 elementor-inner-column elementor-element elementor-element-e58fc54\" data-id=\"e58fc54\" data-element_type=\"column\" data-e-type=\"column\">\n\t\t\t<div class=\"elementor-widget-wrap elementor-element-populated\">\n\t\t\t\t\t\t<div class=\"elementor-element elementor-element-391c048e cmsmasters-block-default cmsmasters-sticky-default elementor-widget elementor-widget-text-editor\" data-id=\"391c048e\" data-element_type=\"widget\" data-e-type=\"widget\" data-widget_type=\"text-editor.default\">\n\t\t\t\t\t\t\t\t\t<p><strong>REGLEMENT FUN CITY<\/strong><\/p><p><br \/>Par mesure d\u2019hygi\u00e8ne, les enfants doivent obligatoirement \u00eatre munis de chaussettes,<br \/>L\u2019\u00e2ge et la capacit\u00e9 d\u2019accueil indiqu\u00e9s sur chaque aire de jeux doivent \u00eatre respect\u00e9s,<br \/>Il est interdit de manger ou de boire dans les aires de jeux,<br \/>Les bijoux et accessoires sont interdits dans les aires de jeux,<br \/>Fun City ne peut \u00eatre consid\u00e9r\u00e9 comme un lieu de garderie, les adultes accompagnants ne peuvent donc pas quitter le parc en laissant les enfants seuls,<br \/>L\u2019\u00e9quipe de Fun City se r\u00e9serve le droit de refuser l\u2019entr\u00e9e ou d\u2019exclure du parc sans remboursement tout client ayant un mauvais comportement,<br \/>Nos amis les animaux ne sont pas accept\u00e9s dans le parc par mesure d\u2019hygi\u00e8ne,<br \/>Il est interdit de grimper sur les filets des aires de jeux, de monter sur les toboggans en sens inverse, de sortir les jeux mobiles de leur parc,<br \/>Il est interdit d\u2019apporter des boissons, bonbons, repas et go\u00fbters personnels dans le parc ; un espace de restauration est \u00e0 votre disposition,<br \/>Pour des raisons de s\u00e9curit\u00e9, il est interdit de courir dans l\u2019espace r\u00e9serv\u00e9 \u00e0 la restauration,<br \/>Si vous quittez le parc, votre entr\u00e9e ne sera plus valable,<br \/>Toute entr\u00e9e dans le parc, entra\u00eene obligatoirement l\u2019acceptation du pr\u00e9sent r\u00e8glement. En cas de non-respect, l\u2019acc\u00e8s au parc vous sera interdit et des d\u00e9dommagements pourront \u00eatre demand\u00e9s.<br \/>\u201cINFORMATIONS\u201d<br \/>Les enfants sont sous la responsabilit\u00e9 et la surveillance de(s) adulte(s) accompagnant(s), dont la pr\u00e9sence est obligatoire pendant toute la dur\u00e9e de la visite<br \/>Le port de chaussettes est obligatoire pour les enfants (question d\u2019hygi\u00e8ne et de s\u00e9curit\u00e9)<br \/>La nourriture et les boissons ext\u00e9rieures sont interdites<br \/>Nos amis les animaux ne sont pas autoris\u00e9s dans l\u2019\u00e9tablissement.<br \/>Toute sortie de l\u2019\u00e9tablissement est d\u00e9finitive<br \/>Une entreprise familiale qui met l\u2019accent sur les mots HYGIENE et SECURITE<br \/>Les priorit\u00e9s de FUN CITY sont d\u2019avoir une hygi\u00e8ne irr\u00e9prochable tout au long de l\u2019ann\u00e9e et une s\u00e9curit\u00e9 totale pour ses clients.<br \/>FUN CITY c\u2019est aussi une \u00e9quipe soud\u00e9e qui porte les valeurs de la famille et qui met un point d\u2019honneur \u00e0 tenir son parc propre en utilisant des mesures d\u2019hygi\u00e8ne draconiennes.<br \/>FUN CITY c\u2019est aussi une entreprise \u00e9cocitoyenne<br \/>Une participation active au tri s\u00e9lectif,<br \/>Le tri des bouchons en plastique car la r\u00e9cup\u00e9ration de ces bouchons permet aux associations locales d\u2019obtenir des moyens financiers pour l\u2019am\u00e9lioration de vie des personnes malades ou handicap\u00e9es.<br \/>Le suivi minutieux des conseils sanitaires Fran\u00e7ais.<br \/>SECURITE &amp; HYGIENE<br \/>Depuis sa cr\u00e9ation FUN CITY apporte une attention toute particuli\u00e8re \u00e0 l\u2019hygi\u00e8ne et la s\u00e9curit\u00e9 pour le bien-\u00eatre de tous.<\/p><p><strong>HYGIENE<\/strong><\/p><p><br \/>Pour des raisons d\u2019hygi\u00e8ne, l\u2019acc\u00e8s au jeu ne peut se faire qu\u2019en chaussettes, des casiers sont \u00e0 votre disposition pour le d\u00e9p\u00f4t des chaussures. En cas d\u2019oubli, des chaussettes sont en vente \u00e0 l\u2019accueil.<\/p><p>Les adultes qui souhaitent accompagner leur enfant dans les jeux doivent \u00e9galement retirer leurs chaussures au pr\u00e9alable et porter des chaussettes.<\/p><p>Les personnes ou les enfants torse nu ou en maillot de bain ne sont pas accept\u00e9es au sein de FUN CITY.<\/p><p>Les chewing-gum et sucettes sont interdits pour des raisons de s\u00e9curit\u00e9. Pour des raisons d\u2019hygi\u00e8ne, il est interdit de boire ou manger dans tous les jeux.<\/p><p>FUN CITY aime les animaux mais ils ne peuvent pas \u00eatre admis dans le parc.<\/p><p><strong>PROTOCOLE de NETTOYAGE :<\/strong><\/p><p><br \/>\u2192 Apr\u00e8s chaque journ\u00e9e d\u2019ouverture, le parc est nettoy\u00e9.<\/p><p>\u2192 Les cabanes anniversaires sont nettoy\u00e9es apr\u00e8s chaque anniversaire.<\/p><p>\u2192 Tous nos jeux sont aspir\u00e9s et lav\u00e9s avec un produit anti-germes.<\/p><p>\u2192 Nos piscines \u00e0 balles sont entretenues r\u00e9guli\u00e8rement gr\u00e2ce \u00e0 une \u00ab lessiveuse \u00bb sp\u00e9ciale o\u00f9 toutes les balles sont lav\u00e9es et d\u00e9sinfect\u00e9es.<\/p><p>\u2192 Nos sanitaires sont v\u00e9rifi\u00e9s tout au long de la journ\u00e9e.<\/p><p>Tout notre personnel est form\u00e9 afin de respecter les protocoles sanitaires impos\u00e9s par FUN CITY.<\/p><p><img fetchpriority=\"high\" decoding=\"async\" class=\"alignnone size-full wp-image-36537\" src=\"https:\/\/www.frejus.fun-city.fr\/wp-content\/uploads\/2025\/11\/machine-hygiene-300x225-1.jpg\" alt=\"\" width=\"300\" height=\"225\" \/><\/p><p><strong>SECURITE<\/strong><\/p><p><br \/>La s\u00e9curit\u00e9 de vos enfants est notre priorit\u00e9. L\u2019int\u00e9gralit\u00e9 de nos jeux respecte les normes CE en vigueur et sont fabriqu\u00e9s en Europe.<\/p><p><strong>UTILISATION DES JEUX :<\/strong><\/p><p><br \/>\u2192 Les enfants sont en permanence sous la surveillance et l\u2019enti\u00e8re responsabilit\u00e9 des adultes les accompagnant, ces derniers doivent s\u2019assurer que les consignes d\u2019utilisation de chaque jeu sont comprises et respect\u00e9es.<\/p><p>Notamment : l\u2019\u00e2ge et la capacit\u00e9 indiqu\u00e9e sur chaque jeu.<\/p><p>\u2192 Pour des raisons de s\u00e9curit\u00e9 \u00e9vidente, il est formellement interdit d\u2019escalader les jeux, de courir ou se poursuivre dans les labyrinthes, de grimper sur les filets, de monter les toboggans en sens inverse, de descendre les toboggans la t\u00eate la premi\u00e8re, de pousser ou tirer son camarade.<\/p><p>\u2192 Tous les objets pr\u00e9sentant un risque de blessure doivent \u00eatre bannis dans les jeux : objets tranchant, coupant, lunettes, cordon et sangles de v\u00eatement, capuche, bijoux (en plus ils pourraient \u00eatre perdus) \u00e9charpe, foulard, sucette, chewing-gum, nourriture et boisson.<\/p><p>\u2192 En cas de difficult\u00e9 d\u2019un enfant, l\u2019adulte accompagnant doit imm\u00e9diatement pr\u00e9venir l\u2019\u00e9quipe de FUN CITY<\/p><p>\u2192 Les consignes de s\u00e9curit\u00e9 des trampolines, du gonflable et de la piste de karting doivent \u00eatre strictement respect\u00e9es.<\/p><p>Le non-respect des r\u00e8gles de s\u00e9curit\u00e9 peut entrainer jusqu\u2019\u00e0 l\u2019exclusion du parc.<\/p><p><strong>MAINTENANCE DU PARC :<\/strong><\/p><p><br \/>Pour la s\u00e9curit\u00e9 de nos clients, nous effectuons de fa\u00e7on rigoureuse, une maintenance de notre parc.<\/p><p>L\u2019int\u00e9gralit\u00e9 des jeux est contr\u00f4l\u00e9e quotidiennement. Toute anomalie fait l\u2019objet d\u2019une r\u00e9paration ou d\u2019une mise en s\u00e9curit\u00e9. Par ailleurs, nous respectons les pr\u00e9conisations du SPACE dans le contr\u00f4le de nos jeux et faisons appel \u00e0 un organisme agr\u00e9e de contr\u00f4le des jeux.<\/p><p>Chaque ann\u00e9e l\u2019APAVE (bureau de contr\u00f4le) effectue un rapport de notre installation \u00e9lectrique.<\/p><p>FUN CITY organise un contr\u00f4le r\u00e9gulier de l\u2019alarme incendie, du syst\u00e8me de d\u00e9senfumage, des extincteurs, etc \u2026.<\/p><p>\u00a0<\/p>\t\t\t\t\t\t\t\t<\/div>\n\t\t\t\t\t<\/div>\n\t\t<\/div>\n\t\t\t\t\t<\/div>\n\t\t<\/section>\n\t\t\t\t<div class=\"elementor-element elementor-element-378678a5 elementor-widget__width-initial elementor-absolute cmsmasters-effect cmsmasters-effect-type-scroll cmsmasters-block-default cmsmasters-sticky-default elementor-widget elementor-widget-image\" data-id=\"378678a5\" data-element_type=\"widget\" data-e-type=\"widget\" data-settings=\"{&quot;_position&quot;:&quot;absolute&quot;,&quot;cms_scroll_effects&quot;:[&quot;horizontal&quot;],&quot;cms_scroll_horizontal_speed&quot;:{&quot;unit&quot;:&quot;px&quot;,&quot;size&quot;:2,&quot;sizes&quot;:[]},&quot;cms_scroll_horizontal_direction&quot;:&quot;reverse&quot;,&quot;cms_scroll_horizontal&quot;:&quot;yes&quot;,&quot;cms_scroll_horizontal_timing&quot;:&quot;linear&quot;,&quot;cms_scroll_viewport&quot;:{&quot;unit&quot;:&quot;%&quot;,&quot;size&quot;:&quot;&quot;,&quot;sizes&quot;:{&quot;start&quot;:0,&quot;end&quot;:100}},&quot;cms_scroll_range&quot;:&quot;viewport&quot;,&quot;cms_scroll_devices&quot;:[&quot;desktop&quot;,&quot;tablet&quot;,&quot;mobile&quot;]}\" data-widget_type=\"image.default\">\n\t\t\t\t\t\t\t\t\t\t\t\t\t\t\t<img decoding=\"async\" width=\"292\" height=\"462\" src=\"https:\/\/www.frejus.fun-city.fr\/wp-content\/uploads\/2022\/09\/home-main-4.png\" class=\"attachment-large size-large wp-image-34620\" alt=\"\" srcset=\"https:\/\/www.frejus.fun-city.fr\/wp-content\/uploads\/2022\/09\/home-main-4.png 292w, https:\/\/www.frejus.fun-city.fr\/wp-content\/uploads\/2022\/09\/home-main-4-190x300.png 190w, https:\/\/www.frejus.fun-city.fr\/wp-content\/uploads\/2022\/09\/home-main-4-30x47.png 30w, https:\/\/www.frejus.fun-city.fr\/wp-content\/uploads\/2022\/09\/home-main-4-19x30.png 19w, https:\/\/www.frejus.fun-city.fr\/wp-content\/uploads\/2022\/09\/home-main-4-6x10.png 6w\" sizes=\"(max-width: 292px) 100vw, 292px\" \/>\t\t\t\t\t\t\t\t\t\t\t\t\t\t\t<\/div>\n\t\t\t\t\t<\/div>\n\t\t<\/div>\n\t\t\t\t\t<\/div>\n\t\t<\/section>\n\t\t\t\t<\/div>\n\t\t","protected":false},"excerpt":{"rendered":"<p>R\u00e9glement, Hygi\u00e8ne &amp; S\u00e9curit\u00e9 REGLEMENT FUN CITY Par mesure d\u2019hygi\u00e8ne, les enfants doivent obligatoirement \u00eatre munis de chaussettes,L\u2019\u00e2ge et la capacit\u00e9 d\u2019accueil indiqu\u00e9s sur chaque aire de jeux doivent \u00eatre respect\u00e9s,Il est interdit de manger ou de boire dans les aires de jeux,Les bijoux et accessoires sont interdits dans les aires de jeux,Fun City ne&#8230;<\/p>\n","protected":false},"author":1,"featured_media":0,"parent":0,"menu_order":0,"comment_status":"closed","ping_status":"closed","template":"","meta":{"_acf_changed":false,"pmpro_default_level":"","footnotes":""},"class_list":["post-36536","page","type-page","status-publish","hentry","pmpro-has-access"],"acf":[],"_links":{"self":[{"href":"https:\/\/www.frejus.fun-city.fr\/index.php\/wp-json\/wp\/v2\/pages\/36536","targetHints":{"allow":["GET"]}}],"collection":[{"href":"https:\/\/www.frejus.fun-city.fr\/index.php\/wp-json\/wp\/v2\/pages"}],"about":[{"href":"https:\/\/www.frejus.fun-city.fr\/index.php\/wp-json\/wp\/v2\/types\/page"}],"author":[{"embeddable":true,"href":"https:\/\/www.frejus.fun-city.fr\/index.php\/wp-json\/wp\/v2\/users\/1"}],"replies":[{"embeddable":true,"href":"https:\/\/www.frejus.fun-city.fr\/index.php\/wp-json\/wp\/v2\/comments?post=36536"}],"version-history":[{"count":3,"href":"https:\/\/www.frejus.fun-city.fr\/index.php\/wp-json\/wp\/v2\/pages\/36536\/revisions"}],"predecessor-version":[{"id":36540,"href":"https:\/\/www.frejus.fun-city.fr\/index.php\/wp-json\/wp\/v2\/pages\/36536\/revisions\/36540"}],"wp:attachment":[{"href":"https:\/\/www.frejus.fun-city.fr\/index.php\/wp-json\/wp\/v2\/media?parent=36536"}],"curies":[{"name":"wp","href":"https:\/\/api.w.org\/{rel}","templated":true}]}}