{"id":36512,"date":"2025-11-04T10:53:55","date_gmt":"2025-11-04T10:53:55","guid":{"rendered":"https:\/\/frejus.memevault.site\/?page_id=36512"},"modified":"2025-11-04T10:56:14","modified_gmt":"2025-11-04T10:56:14","slug":"politique-de-confidentialite","status":"publish","type":"page","link":"https:\/\/www.frejus.fun-city.fr\/index.php\/politique-de-confidentialite\/","title":{"rendered":"Politique de confidentialit\u00e9"},"content":{"rendered":"\t\t<div data-elementor-type=\"wp-page\" data-elementor-id=\"36512\" class=\"elementor elementor-36512\">\n\t\t\t\t\t\t<section class=\"elementor-section elementor-top-section elementor-element elementor-element-7b48562a elementor-section-boxed elementor-section-height-default elementor-section-height-default cmsmasters-block-default\" data-id=\"7b48562a\" data-element_type=\"section\" data-e-type=\"section\" data-settings=\"{&quot;background_background&quot;:&quot;classic&quot;,&quot;shape_divider_bottom&quot;:&quot;mountains&quot;}\">\n\t\t\t\t\t<div class=\"elementor-shape elementor-shape-bottom\" aria-hidden=\"true\" data-negative=\"false\">\n\t\t\t<svg xmlns=\"http:\/\/www.w3.org\/2000\/svg\" viewBox=\"0 0 1000 100\" preserveAspectRatio=\"none\">\n\t<path class=\"elementor-shape-fill\" opacity=\"0.33\" d=\"M473,67.3c-203.9,88.3-263.1-34-320.3,0C66,119.1,0,59.7,0,59.7V0h1000v59.7 c0,0-62.1,26.1-94.9,29.3c-32.8,3.3-62.8-12.3-75.8-22.1C806,49.6,745.3,8.7,694.9,4.7S492.4,59,473,67.3z\"\/>\n\t<path class=\"elementor-shape-fill\" opacity=\"0.66\" d=\"M734,67.3c-45.5,0-77.2-23.2-129.1-39.1c-28.6-8.7-150.3-10.1-254,39.1 s-91.7-34.4-149.2,0C115.7,118.3,0,39.8,0,39.8V0h1000v36.5c0,0-28.2-18.5-92.1-18.5C810.2,18.1,775.7,67.3,734,67.3z\"\/>\n\t<path class=\"elementor-shape-fill\" d=\"M766.1,28.9c-200-57.5-266,65.5-395.1,19.5C242,1.8,242,5.4,184.8,20.6C128,35.8,132.3,44.9,89.9,52.5C28.6,63.7,0,0,0,0 h1000c0,0-9.9,40.9-83.6,48.1S829.6,47,766.1,28.9z\"\/>\n<\/svg>\t\t<\/div>\n\t\t\t\t\t<div class=\"elementor-container elementor-column-gap-wide\">\n\t\t\t\t\t<div class=\"elementor-column elementor-col-100 elementor-top-column elementor-element elementor-element-401080fa\" data-id=\"401080fa\" data-element_type=\"column\" data-e-type=\"column\">\n\t\t\t<div class=\"elementor-widget-wrap elementor-element-populated\">\n\t\t\t\t\t\t<section class=\"elementor-section elementor-inner-section elementor-element elementor-element-34363aeb elementor-section-content-middle elementor-section-full_width elementor-section-height-default elementor-section-height-default cmsmasters-block-default\" data-id=\"34363aeb\" data-element_type=\"section\" data-e-type=\"section\">\n\t\t\t\t\t\t<div class=\"elementor-container elementor-column-gap-no\">\n\t\t\t\t\t<div class=\"elementor-column elementor-col-100 elementor-inner-column elementor-element elementor-element-3f920f8d\" data-id=\"3f920f8d\" data-element_type=\"column\" data-e-type=\"column\" data-settings=\"{&quot;background_background&quot;:&quot;classic&quot;}\">\n\t\t\t<div class=\"elementor-widget-wrap elementor-element-populated\">\n\t\t\t\t\t\t<div class=\"elementor-element elementor-element-6e8f7bde cmsmasters-block-default cmsmasters-sticky-default elementor-widget elementor-widget-heading\" data-id=\"6e8f7bde\" data-element_type=\"widget\" data-e-type=\"widget\" data-widget_type=\"heading.default\">\n\t\t\t\t\t<h2 class=\"elementor-heading-title elementor-size-default\">Politique de confidentialit\u00e9<\/h2>\t\t\t\t<\/div>\n\t\t\t\t\t<\/div>\n\t\t<\/div>\n\t\t\t\t\t<\/div>\n\t\t<\/section>\n\t\t\t\t\t<\/div>\n\t\t<\/div>\n\t\t\t\t\t<\/div>\n\t\t<\/section>\n\t\t\t\t<section class=\"elementor-section elementor-top-section elementor-element elementor-element-451a7a59 elementor-section-full_width elementor-section-height-default elementor-section-height-default cmsmasters-block-default\" data-id=\"451a7a59\" data-element_type=\"section\" data-e-type=\"section\" data-settings=\"{&quot;background_background&quot;:&quot;classic&quot;,&quot;shape_divider_top&quot;:&quot;zigzag&quot;}\">\n\t\t\t\t\t<div class=\"elementor-shape elementor-shape-top\" aria-hidden=\"true\" data-negative=\"false\">\n\t\t\t<svg xmlns=\"http:\/\/www.w3.org\/2000\/svg\" viewBox=\"0 0 1800 5.8\" preserveAspectRatio=\"none\">\n  <path class=\"elementor-shape-fill\" d=\"M5.4.4l5.4 5.3L16.5.4l5.4 5.3L27.5.4 33 5.7 38.6.4l5.5 5.4h.1L49.9.4l5.4 5.3L60.9.4l5.5 5.3L72 .4l5.5 5.3L83.1.4l5.4 5.3L94.1.4l5.5 5.4h.2l5.6-5.4 5.5 5.3 5.6-5.3 5.4 5.3 5.6-5.3 5.5 5.3 5.6-5.3 5.5 5.4h.2l5.6-5.4 5.4 5.3L161 .4l5.4 5.3L172 .4l5.5 5.3 5.6-5.3 5.4 5.3 5.7-5.3 5.4 5.4h.2l5.6-5.4 5.5 5.3 5.6-5.3 5.5 5.3 5.6-5.3 5.4 5.3 5.6-5.3 5.5 5.4h.2l5.6-5.4 5.5 5.3L261 .4l5.4 5.3L272 .4l5.5 5.3 5.6-5.3 5.5 5.3 5.6-5.3 5.5 5.4h.1l5.7-5.4 5.4 5.3 5.6-5.3 5.5 5.3 5.6-5.3 5.4 5.3 5.7-5.3 5.4 5.4h.2l5.6-5.4 5.5 5.3L361 .4l5.5 5.3 5.6-5.3 5.4 5.3 5.6-5.3 5.5 5.3 5.6-5.3 5.5 5.4h.1l5.7-5.4 5.4 5.3 5.6-5.3 5.5 5.3 5.6-5.3 5.5 5.3 5.6-5.3 5.5 5.4h.1l5.6-5.4 5.5 5.3L461 .4l5.5 5.3 5.6-5.3 5.4 5.3 5.7-5.3 5.4 5.3 5.6-5.3 5.5 5.4h.2l5.6-5.4 5.5 5.3 5.6-5.3 5.4 5.3 5.6-5.3 5.5 5.3 5.6-5.3 5.5 5.4h.1L550 .4l5.4 5.3L561 .4l5.5 5.3 5.6-5.3 5.5 5.3 5.6-5.3 5.4 5.3 5.6-5.3 5.5 5.4h.2l5.6-5.4 5.5 5.3 5.6-5.3 5.4 5.3 5.7-5.3 5.4 5.3 5.6-5.3 5.5 5.4h.2L650 .4l5.5 5.3 5.6-5.3 5.4 5.3 5.6-5.3 5.5 5.3 5.6-5.3 5.5 5.3 5.6-5.3 5.4 5.4h.2l5.6-5.4 5.5 5.3 5.6-5.3 5.5 5.3 5.6-5.3 5.4 5.3 5.6-5.3 5.5 5.4h.2L750 .4l5.5 5.3 5.6-5.3 5.4 5.3 5.7-5.3 5.4 5.3 5.6-5.3 5.5 5.3 5.6-5.3 5.5 5.4h.1l5.7-5.4 5.4 5.3 5.6-5.3 5.5 5.3 5.6-5.3 5.5 5.3 5.6-5.3 5.4 5.4h.2L850 .4l5.5 5.3 5.6-5.3 5.5 5.3 5.6-5.3 5.4 5.3 5.6-5.3 5.5 5.3 5.6-5.3 5.5 5.4h.2l5.6-5.4 5.4 5.3 5.7-5.3 5.4 5.3 5.6-5.3 5.5 5.3 5.6-5.3 5.5 5.4h.1l5.7-5.4 5.4 5.3 5.6-5.3 5.5 5.3 5.6-5.3 5.5 5.3 5.6-5.3 5.4 5.3 5.6-5.3 5.5 5.4h.2l5.6-5.4 5.5 5.3 5.6-5.3 5.4 5.3 5.6-5.3 5.5 5.3 5.6-5.3 5.5 5.4h.2l5.6-5.4 5.4 5.3 5.7-5.3 5.4 5.3 5.6-5.3 5.5 5.3 5.6-5.3 5.5 5.3 5.6-5.3 5.4 5.4h.2l5.6-5.4 5.5 5.3 5.6-5.3 5.5 5.3 5.6-5.3 5.4 5.3 5.6-5.3 5.5 5.4h.2l5.6-5.4 5.5 5.3 5.6-5.3 5.4 5.3 5.6-5.3 5.5 5.3 5.6-5.3 5.5 5.3 5.6-5.3 5.5 5.4h.1l5.7-5.4 5.4 5.3 5.6-5.3 5.5 5.3 5.6-5.3 5.5 5.3 5.6-5.3 5.4 5.4h.2l5.6-5.4 5.5 5.3 5.6-5.3 5.5 5.3 5.6-5.3 5.4 5.3 5.6-5.3 5.5 5.3 5.6-5.3 5.5 5.4h.2l5.6-5.4 5.4 5.3 5.6-5.3 5.5 5.3 5.6-5.3 5.5 5.3 5.6-5.3 5.5 5.4h.1l5.7-5.4 5.4 5.3 5.6-5.3 5.5 5.3 5.6-5.3 5.5 5.3 5.6-5.3 5.4 5.3 5.6-5.3 5.5 5.4h.2l5.6-5.4 5.5 5.3 5.6-5.3 5.4 5.3 5.6-5.3 5.5 5.3 5.6-5.3 5.5 5.4h.2l5.6-5.4 5.4 5.3 5.6-5.3 5.5 5.3 5.6-5.3 5.5 5.3 5.6-5.3 5.4 5.3 5.7-5.3 5.4 5.4h.2l5.6-5.4 5.5 5.3 5.6-5.3 5.5 5.3 5.6-5.3 5.4 5.3 5.6-5.3 5.5 5.4h.2l5.6-5.4 5.5 5.3 5.6-5.3 5.4 5.3 5.6-5.3 5.5 5.3 5.6-5.3 5.5 5.3 5.6-5.3 5.5 5.4h.1l5.6-5.4 5.5 5.3 5.6-5.3 5.5 5.3 5.6-5.3 5.4 5.3 5.7-5.3 5.4 5.4h.2l5.6-5.4 5.5 5.3 5.6-5.3 5.5 5.3 5.6-5.3 5.4 5.3 5.6-5.3 5.5 5.3 5.6-5.3 5.5 5.4h.1l5.7-5.4 5.4 5.3 5.6-5.3 5.5 5.3 5.6-5.3 5.5 5.3 5.6-5.3 5.5 5.4h.1l5.6-5.4 5.5 5.3 5.6-5.3 5.5 5.3 5.6-5.3 5.4 5.3 5.7-5.3 5.4 5.3 5.6-5.3 5.5 5.4V0H-.2v5.8z\"\/>\n<\/svg>\n\t\t<\/div>\n\t\t\t\t\t<div class=\"elementor-container elementor-column-gap-no\">\n\t\t\t\t\t<div class=\"elementor-column elementor-col-100 elementor-top-column elementor-element elementor-element-638ffdc4\" data-id=\"638ffdc4\" data-element_type=\"column\" data-e-type=\"column\">\n\t\t\t<div class=\"elementor-widget-wrap elementor-element-populated\">\n\t\t\t\t\t\t<section class=\"elementor-section elementor-inner-section elementor-element elementor-element-26f80503 elementor-section-boxed elementor-section-height-default elementor-section-height-default cmsmasters-block-default\" data-id=\"26f80503\" data-element_type=\"section\" data-e-type=\"section\">\n\t\t\t\t\t\t<div class=\"elementor-container elementor-column-gap-wide\">\n\t\t\t\t\t<div class=\"elementor-column elementor-col-100 elementor-inner-column elementor-element elementor-element-e58fc54\" data-id=\"e58fc54\" data-element_type=\"column\" data-e-type=\"column\">\n\t\t\t<div class=\"elementor-widget-wrap elementor-element-populated\">\n\t\t\t\t\t\t<div class=\"elementor-element elementor-element-391c048e cmsmasters-block-default cmsmasters-sticky-default elementor-widget elementor-widget-text-editor\" data-id=\"391c048e\" data-element_type=\"widget\" data-e-type=\"widget\" data-widget_type=\"text-editor.default\">\n\t\t\t\t\t\t\t\t\t<p>PROTECTION DES DONN\u00c9ES RGPD<br \/>LA PROTECTION DE VOS DONN\u00c9ES CONFIDENTIELLES EST L\u2019UNE DE NOS PR\u00c9OCCUPATIONS.<br \/>Fun city Fr\u00e9jus s\u2019engage \u00e0 respecter votre vie priv\u00e9e ainsi que les l\u00e9gislations applicables sur la protection des donn\u00e9es et la confidentialit\u00e9. Cette politique de confidentialit\u00e9 (\u00ab Politique \u00bb) d\u00e9crit notre m\u00e9thode de collecte et d\u2019utilisation des donn\u00e9es personnelles lorsque Fun city Fr\u00e9jus en est le responsable du traitement ou lorsque nous mentionnons l\u2019applicabilit\u00e9 de cette politique. \u00ab Les donn\u00e9es personnelles \u00bb sont toutes les informations vous concernant ou celles de tout individu pouvant \u00eatre identifi\u00e9.<br \/>Nous vous donnerons des informations compl\u00e9mentaires concernant cette confidentialit\u00e9, lorsqu\u2019elle est sp\u00e9cifique \u00e0 un produit ou un service dans les Suppl\u00e9ments de cette politique. Vous pourrez \u00e9galement rencontrer des avertissements lors de l\u2019utilisation de nos produits ou services. Si vous rencontrez des diff\u00e9rences entre ces avertissements et cette Politique, vous devrez d\u2019abord prendre en consid\u00e9ration les avertissements.<br \/>Les logiciels de votre terminal peuvent avoir acc\u00e8s \u00e0 vos informations. Nos produits ou services peuvent contenir des liens vers, ou \u00eatre int\u00e9gr\u00e9s \u00e0, d\u2019autres sites Internet et services de soci\u00e9t\u00e9s qui poss\u00e8dent leur propre politique de confidentialit\u00e9. L\u00e0 o\u00f9 nos produits sont int\u00e9gr\u00e9s aux produits et services de nos clients, nous leur demandons de faire preuve de transparence \u00e0 votre \u00e9gard. Cela peut correspondre \u00e0 la pr\u00e9sence d\u2019un lien redirigeant vers la pr\u00e9sente Politique et les Suppl\u00e9ments pertinents, cette transparence peut \u00e9galement appara\u00eetre sous forme de notifications int\u00e9gr\u00e9es nous identifiant comme le fournisseur ou le responsable du service.<\/p><p>Si vous n\u2019\u00eates pas d\u2019accord avec cette politique, n\u2019utilisez pas nos produits ou nos services, et ne fournissez pas vos donn\u00e9es personnelles \u00e0 Fun city Fr\u00e9jus.<\/p><p>QUELLES INFORMATIONS COLLECTONS-NOUS ?<br \/>Nous recueillons vos donn\u00e9es personnelles et d\u2019autres informations lorsque vous faites une demande de devis<\/p><p>UTILISATION DES PRODUITS ET SERVICES<br \/>Lorsque vous acc\u00e9dez \u00e0 nos services en ligne, nos serveurs Web enregistrent automatiquement vos visites. Ces enregistrements comprennent g\u00e9n\u00e9ralement l\u2019adresse IP, les dur\u00e9es de l\u2019acc\u00e8s, les sites qui vous ont redirig\u00e9, les pages visit\u00e9es, les liens et caract\u00e9ristiques utilis\u00e9s, le contenu affich\u00e9 ou demand\u00e9, le type de navigateur ou d\u2019application, la langue et d\u2019autres informations de ce genre. Vous pouvez \u00e9galement vous r\u00e9f\u00e9rer \u00e0 notre Politique en mati\u00e8re de cookies.<br \/>Nos applications peuvent contacter r\u00e9guli\u00e8rement nos serveurs, par exemple afin de v\u00e9rifier s\u2019il existe des mises \u00e0 jour, ou pour nous envoyer des informations concernant votre utilisation de nos services. En outre, nous pouvons vous inviter \u00e0 rejoindre volontairement des programmes d\u2019am\u00e9lioration du service ou de recherche, dans lesquels nous collectons des informations d\u00e9taill\u00e9es. Consultez les Suppl\u00e9ments de cette Politique pour en savoir plus.<\/p><p>INFORMATIONS QUE VOUS NOUS AVEZ FOURNIES<br \/>Lorsque vous faites une demande de devis, nous pouvons vous demander des renseignements du genre nom, adresse \u00e9lectronique, num\u00e9ro de t\u00e9l\u00e9phone, adresse postale, commentaires.<\/p><p>POURQUOI TRAITONS-NOUS VOS DONN\u00c9ES PERSONNELLES ?<br \/>Fun city Fr\u00e9jus peut traiter vos donn\u00e9es personnelles pour r\u00e9pondre \u00e0 diff\u00e9rents besoins. Cela peut s\u2019appliquer \u00e0 un ou plusieurs besoins \u00e0 la fois.<\/p><p>COMPTES<br \/>Un compte peut \u00eatre n\u00e9cessaire pour vous aider \u00e0 g\u00e9rer votre contenu et vos pr\u00e9f\u00e9rences. En fonction du service, la cr\u00e9ation d\u2019un compte peut \u00eatre requise ou facultative. La cr\u00e9ation d\u2019un compte implique que vous nous communiquiez des informations de contact basiques vous concernant comme votre nom, votre adresse de courriel, votre pays de r\u00e9sidence.<\/p><p>COMMUNIQUER AVEC VOUS<br \/>Nous pouvons utiliser vos donn\u00e9es personnelles pour communiquer avec vous afin de vous contacter au travers de notre service client\u00e8le.<\/p><p>QUELLE EST LA BASE JURIDIQUE SUR LAQUELLE REPOSE LE TRAITEMENT DE VOS DONN\u00c9ES PERSONNELLES ?<br \/>Notre base juridique pour le traitement de vos donn\u00e9es personnelles d\u00e9pend de l\u2019objectif de ce traitement et peut \u00eatre amen\u00e9e \u00e0 varier comme le d\u00e9crit le Suppl\u00e9ment correspondant au produit ou service que vous utilisez. En r\u00e8gle g\u00e9n\u00e9rale, les bases juridiques pour le traitement de vos donn\u00e9es personnelles sont les suivantes :<\/p><p>OBLIGATIONS L\u00c9GALES<br \/>Nous traitons vos donn\u00e9es personnelles dans le respect des l\u00e9gislations et des r\u00e9glementations.<\/p><p>INT\u00c9R\u00caTS L\u00c9GITIMES<br \/>Nous traitons vos donn\u00e9es personnelles au profit de nos int\u00e9r\u00eats l\u00e9gitimes en mati\u00e8re de gestion client. Tout traitement de ce type est soumis \u00e0 des mesures appropri\u00e9es visant \u00e0 prot\u00e9ger vos libert\u00e9s et vos droits fondamentaux en lien avec vos donn\u00e9es personnelles..<\/p><p>COMBIEN DE TEMPS CONSERVONS-NOUS LES DONN\u00c9ES PERSONNELLES ?<br \/>Nous nous effor\u00e7ons de collecter uniquement les donn\u00e9es personnelles en ad\u00e9quation avec l\u2019objectif pour lequel elles ont \u00e9t\u00e9 collect\u00e9es et de ne pas conserver ces donn\u00e9es plus longtemps que ces objectifs l\u2019exigent. La dur\u00e9e pendant laquelle les donn\u00e9es personnelles sont conserv\u00e9es et les crit\u00e8res qui d\u00e9terminent cette dur\u00e9e d\u00e9pendent de la nature de ces donn\u00e9es personnelles et de l\u2019objectif pour lequel elles ont \u00e9t\u00e9 collect\u00e9es. Par exemple, pour ce qui est des donn\u00e9es en lien avec la gestion de votre compte (comme votre nom, adresse courriel, contenu du compte et pr\u00e9f\u00e9rences), elles sont conserv\u00e9es aussi longtemps que vous les maintenez sur votre compte. Vous pouvez contacter le bureau confidentialit\u00e9 de Fun city Fr\u00e9jus \u00e0 l\u2019adresse frejus@fun-city.fr afin d\u2019obtenir un compl\u00e9ment d\u2019information \u00e0 propos de la conservation de vos donn\u00e9es personnelles.<\/p><p>PARTAGEONS-NOUS VOS DONN\u00c9ES PERSONNELLES ?<br \/>Nous ne vendons pas, ni ne louons ou divulguons vos donn\u00e9es personnelles \u00e0 des tiers.<\/p><p>DIVULGATIONS OBLIGATOIRES<br \/>Nous pouvons \u00eatre oblig\u00e9s par la l\u00e9gislation \u00e0 divulguer vos donn\u00e9es personnelles \u00e0 certaines autorit\u00e9s ou \u00e0 d\u2019autres tiers, par exemple aux forces de l\u2019ordre. Nous pouvons aussi divulguer et traiter vos donn\u00e9es personnelles conform\u00e9ment \u00e0 la l\u00e9gislation applicable pour d\u00e9fendre les int\u00e9r\u00eats l\u00e9gitimes de Fun city Fr\u00e9jus, par exemple en cas de proc\u00e9dures judiciaires ou en rapport avec des demandes et des d\u00e9p\u00f4ts gouvernementaux.<\/p><p>FUSIONS ET ACQUISITIONS<br \/>Si nous d\u00e9cidons de vendre, fusionner ou autrement r\u00e9organiser nos soci\u00e9t\u00e9s dans certains pays, ceci peut impliquer que nous divulguions les donn\u00e9es personnelles aux acqu\u00e9reurs potentiels ou r\u00e9els et \u00e0 leurs conseillers, ou que nous recevions les donn\u00e9es personnelles des vendeurs et de leurs conseillers.<\/p><p>COMMENT ABORDER LA QUALIT\u00c9 DES DONN\u00c9ES ?<br \/>Nous prenons des mesures raisonnables pour garder exactes les donn\u00e9es personnelles que nous avons en notre possession et pour supprimer les donn\u00e9es personnelles incorrectes ou inutiles.<br \/>Nous vous encourageons \u00e0 acc\u00e9der \u00e0 votre compte pour consulter vos donn\u00e9es personnelles de temps en temps afin d\u2019assurer qu\u2019elles soient \u00e0 jour.<\/p><p>QUELLES MESURES SONT PRISES POUR PROT\u00c9GER VOS DONN\u00c9ES PERSONNELLES ?<br \/>Nous prenons les mesures appropri\u00e9es pour faire face au risque de s\u00e9curit\u00e9 en ligne, de s\u00e9curit\u00e9 physique, de perte de donn\u00e9es et autres risques en prenant en compte le risque repr\u00e9sent\u00e9 par le traitement et la nature des donn\u00e9es qui sont prot\u00e9g\u00e9es. Nous limitons \u00e9galement l\u2019acc\u00e8s \u00e0 nos bases de donn\u00e9es contenant des donn\u00e9es personnelles au seul personnel autoris\u00e9 ayant un besoin justifi\u00e9 d\u2019acc\u00e9der \u00e0 ces informations.<\/p><p>QUELS SONT VOS DROITS ?<br \/>Vous avez le droit de conna\u00eetre les donn\u00e9es personnelles que nous conservons \u00e0 votre sujet et d\u2019y acc\u00e9der Vous avez le droit de demander que toute donn\u00e9e personnelle incompl\u00e8te, erron\u00e9e, non n\u00e9cessaire ou non \u00e0 jour soit mise \u00e0 jour. Vous avez le droit de demander la suppression de vos donn\u00e9es personnelles et d\u2019obtenir une copie de vos donn\u00e9es dans un format lisible par un ordinateur. Vous avez le droit de contester ou de restreindre le traitement dans certaines circonstances, par exemple lorsque vous pensez que les donn\u00e9es sont inexactes ou que l\u2019activit\u00e9 de traitement est ill\u00e9gale. Si vous r\u00e9sidez dans un pays membre de l\u2019Union europ\u00e9enne ou dans l\u2019espace \u00e9conomique europ\u00e9en, vous avez le droit d\u2019introduire une r\u00e9clamation aupr\u00e8s d\u2019une autorit\u00e9 de contr\u00f4le concernant notre collecte de donn\u00e9es et nos activit\u00e9s de traitement.<br \/>Vous pouvez exercer vos droits en nous contactant. La l\u00e9gislation sur la protection des donn\u00e9es en vigueur peut contenir certaines restrictions \u00e0 l\u2019\u00e9tendue de l\u2019exercice de ces droits. Si une restriction s\u2019applique, nous r\u00e9pondrons \u00e0 votre demande par une explication des actions qui seront entreprises, dans la mesure requise par la l\u00e9gislation en vigueur sur la protection des donn\u00e9es.<\/p><p>LES COOKIES ET COMMENT NOUS LES UTILISONS<br \/>Cette politique vous explique comment Fun city Fr\u00e9jus utilise les cookies, les fichiers et technologies li\u00e9s aux cookies sur ses sites Internet, par exemple, les objets locaux partag\u00e9s, \u00e9galement appel\u00e9s \u00ab Flash cookies \u00bb, les balises Web, etc. Nous y faisons r\u00e9f\u00e9rence, en g\u00e9n\u00e9ral, sous le nom de \u00ab cookies \u00bb.<\/p><p>QUE SONT LES COOKIES ET COMMENT FONCTIONNENT-ILS ?<br \/>Les cookies sont de petits fichiers qui sont envoy\u00e9s puis stock\u00e9s dans votre ordinateur par les sites Web que vous visitez. Les cookies sont stock\u00e9s dans le r\u00e9pertoire du fichier de votre navigateur. Lors de votre prochaine visite sur ce site, votre navigateur lira le cookie et retransmettra les informations au site Web ou \u00e0 l\u2019\u00e9l\u00e9ment \u00e0 l\u2019origine du cookie. Pour en savoir plus sur ces technologies, et leur fonctionnement, veuillez consulter par ex. allaboutcookies.org.<\/p><p>POURQUOI EST-CE QUE FUN CITY SE SERT DE COOKIES ?<br \/>Le domaine Fun-city.fr utilisent des cookies pour vous offrir une exp\u00e9rience plus fluide, et pour les raisons \u00e9voqu\u00e9es ci-apr\u00e8s.<\/p><p>FONCTIONS DE BASE.<br \/>Ces cookies sont essentiels pour le fonctionnement de nos sites Web et pour vous apporter une exp\u00e9rience ininterrompue.<br \/>Vous pouvez naviguer de mani\u00e8re ininterrompue gr\u00e2ce \u00e0 l\u2019enregistrement de certaines donn\u00e9es comme vos pr\u00e9f\u00e9rences de langue et de pays, tout en pr\u00e9servant l\u2019authentification des parties s\u00e9curis\u00e9es du domaine.<\/p><p>AM\u00c9LIORATION DU SITE<br \/>Ces cookies nous permettent d\u2019am\u00e9liorer nos sites Web en observant l\u2019utilisation qui en est faite.<br \/>Nous effectuons un profilage analytique pour voir par ex. si un produit particulier est vu par des utilisateurs uniques (pour d\u00e9tecter s\u2019il est populaire). Nous observons \u00e9galement l\u2019endroit \u00e0 partir duquel se fait l\u2019acc\u00e8s pour disposer nos sites de la meilleure mani\u00e8re pour nos utilisateurs.<\/p><p>QUELLE EST LA BASE JURIDIQUE SUR LAQUELLE REPOSE LE TRAITEMENT DE VOS DONN\u00c9ES PERSONNELLES ?<br \/>Les cookies ainsi que les pixels de tracking sont int\u00e9gr\u00e9s \u00e0 notre site sur la base de votre consentement. Vous pouvez \u00e9galement g\u00e9rer vos param\u00e8tres de cookies depuis les param\u00e8tres de votre navigateur.<\/p><p>COMMENT PUIS-JE G\u00c9RER LES COOKIES ?<br \/>Vous pouvez modifier les options disponibles pour g\u00e9rer les cookies sur votre navigateur. Le navigateur peut \u00eatre utilis\u00e9 pour g\u00e9rer les cookies associ\u00e9s aux fonctions de base, am\u00e9lioration du site, personnalisation et publicit\u00e9. Les diff\u00e9rents navigateurs utilisent diff\u00e9rentes mani\u00e8res de d\u00e9sactiver les cookies, mais elles se trouvent en g\u00e9n\u00e9ral dans le menu Outils ou Options. Vous pouvez aussi consulter le menu d\u2019aide du navigateur. En plus de la gestion des cookies, les navigateurs vous permettent \u00e9galement de contr\u00f4ler des fichiers semblables aux cookies, comme les objets locaux partag\u00e9s en activant le mode de confidentialit\u00e9 du navigateur. La d\u00e9sactivation des cookies peut vous emp\u00eacher d\u2019utiliser certaines sections des sites Web de Fun city Fr\u00e9jus. Toutefois, si vous supprimez vos cookies du navigateur, vous aurez peut-\u00eatre \u00e0 r\u00e9installer les cookies que vous aurez choisi de d\u00e9sactiver.<\/p><p>COMBIEN DE TEMPS CONSERVONS-NOUS LES INFORMATIONS ?<br \/>Cela d\u00e9pend du type de cookies. Les cookies de session expirent \u00e0 la fermeture du navigateur.<\/p><p>QUI EST LE RESPONSABLE DU TRAITEMENT DE VOS DONN\u00c9ES PERSONNELLES ?<br \/>Fun city Fr\u00e9jus sera l\u2019administrateur de vos donn\u00e9es personnelles.<br \/>Vous pouvez trouver l\u2019identit\u00e9 de l\u2019administrateur et ses coordonn\u00e9es sur le site Web www.fun-city.fr.<br \/>Pour les questions relatives aux pratiques de confidentialit\u00e9 de Fun city Fr\u00e9jus, vous pouvez contacter aux coordonn\u00e9es suivantes :<br \/>1810 route de Malpasset<br \/>83600 Fr\u00e9jus<br \/>E-mail : frejus@fun-city.fr<\/p><p>MODIFICATIONS DE LA POLITIQUE DE CONFIDENTIALIT\u00c9<br \/>Fun city Fr\u00e9jus se r\u00e9serve le droit de modifier le pr\u00e9sent document et, avec ou sans pr\u00e9avis, de bloquer l\u2019acc\u00e8s \u00e0 notre Site \u00e0 tout moment, ou d\u2019en changer les conditions d\u2019acc\u00e8s. Toutefois, si notre Politique devait \u00eatre modifi\u00e9e dans un sens qui risquerait de vous \u00eatre d\u00e9favorable, Fun city Fr\u00e9jus publierait une note d\u2019avertissement en t\u00eate de la pr\u00e9sente politique, ainsi que sur la page d\u2019accueil de notre Site. Nous vous conseillons de consulter r\u00e9guli\u00e8rement notre Politique pour vous tenir inform\u00e9 des changements \u00e9ventuels.<\/p><p>\u00a0<\/p>\t\t\t\t\t\t\t\t<\/div>\n\t\t\t\t\t<\/div>\n\t\t<\/div>\n\t\t\t\t\t<\/div>\n\t\t<\/section>\n\t\t\t\t<div class=\"elementor-element elementor-element-378678a5 elementor-widget__width-initial elementor-absolute cmsmasters-effect cmsmasters-effect-type-scroll cmsmasters-block-default cmsmasters-sticky-default elementor-widget elementor-widget-image\" data-id=\"378678a5\" data-element_type=\"widget\" data-e-type=\"widget\" data-settings=\"{&quot;_position&quot;:&quot;absolute&quot;,&quot;cms_scroll_effects&quot;:[&quot;horizontal&quot;],&quot;cms_scroll_horizontal_speed&quot;:{&quot;unit&quot;:&quot;px&quot;,&quot;size&quot;:2,&quot;sizes&quot;:[]},&quot;cms_scroll_horizontal_direction&quot;:&quot;reverse&quot;,&quot;cms_scroll_horizontal&quot;:&quot;yes&quot;,&quot;cms_scroll_horizontal_timing&quot;:&quot;linear&quot;,&quot;cms_scroll_viewport&quot;:{&quot;unit&quot;:&quot;%&quot;,&quot;size&quot;:&quot;&quot;,&quot;sizes&quot;:{&quot;start&quot;:0,&quot;end&quot;:100}},&quot;cms_scroll_range&quot;:&quot;viewport&quot;,&quot;cms_scroll_devices&quot;:[&quot;desktop&quot;,&quot;tablet&quot;,&quot;mobile&quot;]}\" data-widget_type=\"image.default\">\n\t\t\t\t\t\t\t\t\t\t\t\t\t\t\t<img fetchpriority=\"high\" decoding=\"async\" width=\"292\" height=\"462\" src=\"https:\/\/www.frejus.fun-city.fr\/wp-content\/uploads\/2022\/09\/home-main-4.png\" class=\"attachment-large size-large wp-image-34620\" alt=\"\" srcset=\"https:\/\/www.frejus.fun-city.fr\/wp-content\/uploads\/2022\/09\/home-main-4.png 292w, https:\/\/www.frejus.fun-city.fr\/wp-content\/uploads\/2022\/09\/home-main-4-190x300.png 190w, https:\/\/www.frejus.fun-city.fr\/wp-content\/uploads\/2022\/09\/home-main-4-30x47.png 30w, https:\/\/www.frejus.fun-city.fr\/wp-content\/uploads\/2022\/09\/home-main-4-19x30.png 19w, https:\/\/www.frejus.fun-city.fr\/wp-content\/uploads\/2022\/09\/home-main-4-6x10.png 6w\" sizes=\"(max-width: 292px) 100vw, 292px\" \/>\t\t\t\t\t\t\t\t\t\t\t\t\t\t\t<\/div>\n\t\t\t\t\t<\/div>\n\t\t<\/div>\n\t\t\t\t\t<\/div>\n\t\t<\/section>\n\t\t\t\t<\/div>\n\t\t","protected":false},"excerpt":{"rendered":"<p>Politique de confidentialit\u00e9 PROTECTION DES DONN\u00c9ES RGPDLA PROTECTION DE VOS DONN\u00c9ES CONFIDENTIELLES EST L\u2019UNE DE NOS PR\u00c9OCCUPATIONS.Fun city Fr\u00e9jus s\u2019engage \u00e0 respecter votre vie priv\u00e9e ainsi que les l\u00e9gislations applicables sur la protection des donn\u00e9es et la confidentialit\u00e9. Cette politique de confidentialit\u00e9 (\u00ab Politique \u00bb) d\u00e9crit notre m\u00e9thode de collecte et d\u2019utilisation des donn\u00e9es personnelles&#8230;<\/p>\n","protected":false},"author":1,"featured_media":0,"parent":0,"menu_order":0,"comment_status":"closed","ping_status":"closed","template":"","meta":{"_acf_changed":false,"pmpro_default_level":"","footnotes":""},"class_list":["post-36512","page","type-page","status-publish","hentry","pmpro-has-access"],"acf":[],"_links":{"self":[{"href":"https:\/\/www.frejus.fun-city.fr\/index.php\/wp-json\/wp\/v2\/pages\/36512","targetHints":{"allow":["GET"]}}],"collection":[{"href":"https:\/\/www.frejus.fun-city.fr\/index.php\/wp-json\/wp\/v2\/pages"}],"about":[{"href":"https:\/\/www.frejus.fun-city.fr\/index.php\/wp-json\/wp\/v2\/types\/page"}],"author":[{"embeddable":true,"href":"https:\/\/www.frejus.fun-city.fr\/index.php\/wp-json\/wp\/v2\/users\/1"}],"replies":[{"embeddable":true,"href":"https:\/\/www.frejus.fun-city.fr\/index.php\/wp-json\/wp\/v2\/comments?post=36512"}],"version-history":[{"count":15,"href":"https:\/\/www.frejus.fun-city.fr\/index.php\/wp-json\/wp\/v2\/pages\/36512\/revisions"}],"predecessor-version":[{"id":36531,"href":"https:\/\/www.frejus.fun-city.fr\/index.php\/wp-json\/wp\/v2\/pages\/36512\/revisions\/36531"}],"wp:attachment":[{"href":"https:\/\/www.frejus.fun-city.fr\/index.php\/wp-json\/wp\/v2\/media?parent=36512"}],"curies":[{"name":"wp","href":"https:\/\/api.w.org\/{rel}","templated":true}]}}