{"id":36359,"date":"2025-11-04T09:39:23","date_gmt":"2025-11-04T09:39:23","guid":{"rendered":"https:\/\/frejus.memevault.site\/?page_id=36359"},"modified":"2026-04-05T23:47:30","modified_gmt":"2026-04-05T23:47:30","slug":"tarifs-horaires","status":"publish","type":"page","link":"https:\/\/www.frejus.fun-city.fr\/index.php\/tarifs-horaires\/","title":{"rendered":"Tarifs &amp; horaires"},"content":{"rendered":"\t\t<div data-elementor-type=\"wp-page\" data-elementor-id=\"36359\" class=\"elementor elementor-36359\">\n\t\t\t\t\t\t<section class=\"elementor-section elementor-top-section elementor-element elementor-element-446a5a05 elementor-section-content-middle elementor-reverse-tablet elementor-reverse-mobile elementor-section-boxed elementor-section-height-default elementor-section-height-default cmsmasters-block-default\" data-id=\"446a5a05\" data-element_type=\"section\" data-e-type=\"section\" data-settings=\"{&quot;background_background&quot;:&quot;classic&quot;,&quot;shape_divider_bottom&quot;:&quot;zigzag&quot;}\">\n\t\t\t\t\t<div class=\"elementor-shape elementor-shape-bottom\" aria-hidden=\"true\" data-negative=\"false\">\n\t\t\t<svg xmlns=\"http:\/\/www.w3.org\/2000\/svg\" viewBox=\"0 0 1800 5.8\" preserveAspectRatio=\"none\">\n  <path class=\"elementor-shape-fill\" d=\"M5.4.4l5.4 5.3L16.5.4l5.4 5.3L27.5.4 33 5.7 38.6.4l5.5 5.4h.1L49.9.4l5.4 5.3L60.9.4l5.5 5.3L72 .4l5.5 5.3L83.1.4l5.4 5.3L94.1.4l5.5 5.4h.2l5.6-5.4 5.5 5.3 5.6-5.3 5.4 5.3 5.6-5.3 5.5 5.3 5.6-5.3 5.5 5.4h.2l5.6-5.4 5.4 5.3L161 .4l5.4 5.3L172 .4l5.5 5.3 5.6-5.3 5.4 5.3 5.7-5.3 5.4 5.4h.2l5.6-5.4 5.5 5.3 5.6-5.3 5.5 5.3 5.6-5.3 5.4 5.3 5.6-5.3 5.5 5.4h.2l5.6-5.4 5.5 5.3L261 .4l5.4 5.3L272 .4l5.5 5.3 5.6-5.3 5.5 5.3 5.6-5.3 5.5 5.4h.1l5.7-5.4 5.4 5.3 5.6-5.3 5.5 5.3 5.6-5.3 5.4 5.3 5.7-5.3 5.4 5.4h.2l5.6-5.4 5.5 5.3L361 .4l5.5 5.3 5.6-5.3 5.4 5.3 5.6-5.3 5.5 5.3 5.6-5.3 5.5 5.4h.1l5.7-5.4 5.4 5.3 5.6-5.3 5.5 5.3 5.6-5.3 5.5 5.3 5.6-5.3 5.5 5.4h.1l5.6-5.4 5.5 5.3L461 .4l5.5 5.3 5.6-5.3 5.4 5.3 5.7-5.3 5.4 5.3 5.6-5.3 5.5 5.4h.2l5.6-5.4 5.5 5.3 5.6-5.3 5.4 5.3 5.6-5.3 5.5 5.3 5.6-5.3 5.5 5.4h.1L550 .4l5.4 5.3L561 .4l5.5 5.3 5.6-5.3 5.5 5.3 5.6-5.3 5.4 5.3 5.6-5.3 5.5 5.4h.2l5.6-5.4 5.5 5.3 5.6-5.3 5.4 5.3 5.7-5.3 5.4 5.3 5.6-5.3 5.5 5.4h.2L650 .4l5.5 5.3 5.6-5.3 5.4 5.3 5.6-5.3 5.5 5.3 5.6-5.3 5.5 5.3 5.6-5.3 5.4 5.4h.2l5.6-5.4 5.5 5.3 5.6-5.3 5.5 5.3 5.6-5.3 5.4 5.3 5.6-5.3 5.5 5.4h.2L750 .4l5.5 5.3 5.6-5.3 5.4 5.3 5.7-5.3 5.4 5.3 5.6-5.3 5.5 5.3 5.6-5.3 5.5 5.4h.1l5.7-5.4 5.4 5.3 5.6-5.3 5.5 5.3 5.6-5.3 5.5 5.3 5.6-5.3 5.4 5.4h.2L850 .4l5.5 5.3 5.6-5.3 5.5 5.3 5.6-5.3 5.4 5.3 5.6-5.3 5.5 5.3 5.6-5.3 5.5 5.4h.2l5.6-5.4 5.4 5.3 5.7-5.3 5.4 5.3 5.6-5.3 5.5 5.3 5.6-5.3 5.5 5.4h.1l5.7-5.4 5.4 5.3 5.6-5.3 5.5 5.3 5.6-5.3 5.5 5.3 5.6-5.3 5.4 5.3 5.6-5.3 5.5 5.4h.2l5.6-5.4 5.5 5.3 5.6-5.3 5.4 5.3 5.6-5.3 5.5 5.3 5.6-5.3 5.5 5.4h.2l5.6-5.4 5.4 5.3 5.7-5.3 5.4 5.3 5.6-5.3 5.5 5.3 5.6-5.3 5.5 5.3 5.6-5.3 5.4 5.4h.2l5.6-5.4 5.5 5.3 5.6-5.3 5.5 5.3 5.6-5.3 5.4 5.3 5.6-5.3 5.5 5.4h.2l5.6-5.4 5.5 5.3 5.6-5.3 5.4 5.3 5.6-5.3 5.5 5.3 5.6-5.3 5.5 5.3 5.6-5.3 5.5 5.4h.1l5.7-5.4 5.4 5.3 5.6-5.3 5.5 5.3 5.6-5.3 5.5 5.3 5.6-5.3 5.4 5.4h.2l5.6-5.4 5.5 5.3 5.6-5.3 5.5 5.3 5.6-5.3 5.4 5.3 5.6-5.3 5.5 5.3 5.6-5.3 5.5 5.4h.2l5.6-5.4 5.4 5.3 5.6-5.3 5.5 5.3 5.6-5.3 5.5 5.3 5.6-5.3 5.5 5.4h.1l5.7-5.4 5.4 5.3 5.6-5.3 5.5 5.3 5.6-5.3 5.5 5.3 5.6-5.3 5.4 5.3 5.6-5.3 5.5 5.4h.2l5.6-5.4 5.5 5.3 5.6-5.3 5.4 5.3 5.6-5.3 5.5 5.3 5.6-5.3 5.5 5.4h.2l5.6-5.4 5.4 5.3 5.6-5.3 5.5 5.3 5.6-5.3 5.5 5.3 5.6-5.3 5.4 5.3 5.7-5.3 5.4 5.4h.2l5.6-5.4 5.5 5.3 5.6-5.3 5.5 5.3 5.6-5.3 5.4 5.3 5.6-5.3 5.5 5.4h.2l5.6-5.4 5.5 5.3 5.6-5.3 5.4 5.3 5.6-5.3 5.5 5.3 5.6-5.3 5.5 5.3 5.6-5.3 5.5 5.4h.1l5.6-5.4 5.5 5.3 5.6-5.3 5.5 5.3 5.6-5.3 5.4 5.3 5.7-5.3 5.4 5.4h.2l5.6-5.4 5.5 5.3 5.6-5.3 5.5 5.3 5.6-5.3 5.4 5.3 5.6-5.3 5.5 5.3 5.6-5.3 5.5 5.4h.1l5.7-5.4 5.4 5.3 5.6-5.3 5.5 5.3 5.6-5.3 5.5 5.3 5.6-5.3 5.5 5.4h.1l5.6-5.4 5.5 5.3 5.6-5.3 5.5 5.3 5.6-5.3 5.4 5.3 5.7-5.3 5.4 5.3 5.6-5.3 5.5 5.4V0H-.2v5.8z\"\/>\n<\/svg>\n\t\t<\/div>\n\t\t\t\t\t<div class=\"elementor-container elementor-column-gap-wide\">\n\t\t\t\t\t<div class=\"elementor-column elementor-col-50 elementor-top-column elementor-element elementor-element-27983cf4\" data-id=\"27983cf4\" data-element_type=\"column\" data-e-type=\"column\">\n\t\t\t<div class=\"elementor-widget-wrap elementor-element-populated\">\n\t\t\t\t\t\t<div class=\"elementor-element elementor-element-4f954f96 elementor-widget__width-initial elementor-absolute elementor-widget-tablet__width-initial cmsmasters-block-default cmsmasters-sticky-default elementor-widget elementor-widget-image\" data-id=\"4f954f96\" data-element_type=\"widget\" data-e-type=\"widget\" data-settings=\"{&quot;_position&quot;:&quot;absolute&quot;}\" data-widget_type=\"image.default\">\n\t\t\t\t\t\t\t\t\t\t\t\t\t\t\t<img fetchpriority=\"high\" decoding=\"async\" width=\"495\" height=\"507\" src=\"https:\/\/www.frejus.fun-city.fr\/wp-content\/uploads\/2026\/04\/imgi_3_home-online-background-2-1.png\" class=\"attachment-full size-full wp-image-37049\" alt=\"\" srcset=\"https:\/\/www.frejus.fun-city.fr\/wp-content\/uploads\/2026\/04\/imgi_3_home-online-background-2-1.png 495w, https:\/\/www.frejus.fun-city.fr\/wp-content\/uploads\/2026\/04\/imgi_3_home-online-background-2-1-293x300.png 293w, https:\/\/www.frejus.fun-city.fr\/wp-content\/uploads\/2026\/04\/imgi_3_home-online-background-2-1-370x379.png 370w\" sizes=\"(max-width: 767px) 100vw, 495px\" \/>\t\t\t\t\t\t\t\t\t\t\t\t\t\t\t<\/div>\n\t\t\t\t<div class=\"elementor-element elementor-element-48d6eea5 cmsmasters-line-clamp-no cmsmasters-color-variation-default cmsmasters-pointer-none cmsmasters-block-default cmsmasters-sticky-default elementor-widget elementor-widget-cmsmasters-post-title cmsmasters-widget-title\" data-id=\"48d6eea5\" data-element_type=\"widget\" data-e-type=\"widget\" data-widget_type=\"cmsmasters-post-title.default\">\n\t\t\t\t\t<h1 class=\"entry-title cmsmasters-widget-title__heading \">Tarifs &amp; horaires<\/h1>\t\t\t\t<\/div>\n\t\t\t\t<div class=\"elementor-element elementor-element-31b411f2 cmsmasters-block-default cmsmasters-sticky-default elementor-widget elementor-widget-text-editor\" data-id=\"31b411f2\" data-element_type=\"widget\" data-e-type=\"widget\" data-widget_type=\"text-editor.default\">\n\t\t\t\t\t\t\t\t\t<p>Tout savoir sur nos tarifs et nos horaires d\u2019ouverture.<\/p>\t\t\t\t\t\t\t\t<\/div>\n\t\t\t\t<div class=\"elementor-element elementor-element-53a0569b cmsmasters-button-mobile-align-center cmsmasters-block-default cmsmasters-sticky-default elementor-widget elementor-widget-cmsmasters-button\" data-id=\"53a0569b\" data-element_type=\"widget\" data-e-type=\"widget\" data-widget_type=\"cmsmasters-button.default\">\n\t\t\t\t\t<div class=\"elementor-widget-cmsmasters-button__button-container\"><div class=\"elementor-widget-cmsmasters-button__button-container-inner\"><a href=\"https:\/\/www.frejus.fun-city.fr\/index.php\/reservation\/\" class=\"cmsmasters-button-link elementor-widget-cmsmasters-button__button cmsmasters-icon-view- cmsmasters-icon-shape- cmsmasters-button-size-sm\" role=\"button\" tabindex=\"0\"><span class=\"elementor-widget-cmsmasters-button__content-wrapper cmsmasters-align-icon-\"><span class=\"elementor-widget-cmsmasters-button__text\">R\u00e9server<\/span><\/span><\/a><\/div><\/div>\t\t\t\t<\/div>\n\t\t\t\t<div class=\"elementor-element elementor-element-93828b1 elementor-widget__width-initial elementor-absolute cmsmasters-effect cmsmasters-effect-type-tilt cmsmasters-tilt-axis-both cmsmasters-tilt-event-area-window cmsmasters-tilt-direction-reverse cmsmasters-tilt-shift-direction-default cmsmasters-tilt-reset-yes cmsmasters-block-default cmsmasters-sticky-default elementor-widget elementor-widget-image\" data-id=\"93828b1\" data-element_type=\"widget\" data-e-type=\"widget\" data-settings=\"{&quot;_position&quot;:&quot;absolute&quot;,&quot;cms_tilt_angle&quot;:{&quot;unit&quot;:&quot;px&quot;,&quot;size&quot;:0,&quot;sizes&quot;:[]},&quot;cms_tilt_shift&quot;:{&quot;unit&quot;:&quot;px&quot;,&quot;size&quot;:0.3,&quot;sizes&quot;:[]},&quot;cms_tilt_scale&quot;:{&quot;unit&quot;:&quot;px&quot;,&quot;size&quot;:1,&quot;sizes&quot;:[]},&quot;cms_tilt_glare&quot;:{&quot;unit&quot;:&quot;px&quot;,&quot;size&quot;:&quot;&quot;,&quot;sizes&quot;:[]},&quot;cms_tilt_speed&quot;:{&quot;unit&quot;:&quot;px&quot;,&quot;size&quot;:1,&quot;sizes&quot;:[]},&quot;cms_tilt_devices&quot;:[&quot;desktop&quot;,&quot;tablet&quot;]}\" data-widget_type=\"image.default\">\n\t\t\t\t\t\t\t\t\t\t\t\t\t\t\t<img decoding=\"async\" width=\"600\" height=\"400\" src=\"https:\/\/www.frejus.fun-city.fr\/wp-content\/uploads\/2026\/04\/imgi_4_Untitled-design-13.png\" class=\"attachment-full size-full wp-image-37048\" alt=\"\" srcset=\"https:\/\/www.frejus.fun-city.fr\/wp-content\/uploads\/2026\/04\/imgi_4_Untitled-design-13.png 600w, https:\/\/www.frejus.fun-city.fr\/wp-content\/uploads\/2026\/04\/imgi_4_Untitled-design-13-300x200.png 300w, https:\/\/www.frejus.fun-city.fr\/wp-content\/uploads\/2026\/04\/imgi_4_Untitled-design-13-450x300.png 450w, https:\/\/www.frejus.fun-city.fr\/wp-content\/uploads\/2026\/04\/imgi_4_Untitled-design-13-370x247.png 370w\" sizes=\"(max-width: 767px) 100vw, 600px\" \/>\t\t\t\t\t\t\t\t\t\t\t\t\t\t\t<\/div>\n\t\t\t\t\t<\/div>\n\t\t<\/div>\n\t\t\t\t<div class=\"elementor-column elementor-col-50 elementor-top-column elementor-element elementor-element-1bd2e984\" data-id=\"1bd2e984\" data-element_type=\"column\" data-e-type=\"column\">\n\t\t\t<div class=\"elementor-widget-wrap elementor-element-populated\">\n\t\t\t\t\t\t<div class=\"elementor-element elementor-element-59e8d09b cmsmasters-block-default cmsmasters-sticky-default elementor-widget elementor-widget-image\" data-id=\"59e8d09b\" data-element_type=\"widget\" data-e-type=\"widget\" data-widget_type=\"image.default\">\n\t\t\t\t\t\t\t\t\t\t\t\t\t\t\t<img decoding=\"async\" width=\"1600\" height=\"1200\" src=\"https:\/\/www.frejus.fun-city.fr\/wp-content\/uploads\/2026\/04\/imgi_5_20220223_170354.jpg\" class=\"attachment-full size-full wp-image-37047\" alt=\"\" srcset=\"https:\/\/www.frejus.fun-city.fr\/wp-content\/uploads\/2026\/04\/imgi_5_20220223_170354.jpg 1600w, https:\/\/www.frejus.fun-city.fr\/wp-content\/uploads\/2026\/04\/imgi_5_20220223_170354-300x225.jpg 300w, https:\/\/www.frejus.fun-city.fr\/wp-content\/uploads\/2026\/04\/imgi_5_20220223_170354-1024x768.jpg 1024w, https:\/\/www.frejus.fun-city.fr\/wp-content\/uploads\/2026\/04\/imgi_5_20220223_170354-768x576.jpg 768w, https:\/\/www.frejus.fun-city.fr\/wp-content\/uploads\/2026\/04\/imgi_5_20220223_170354-1536x1152.jpg 1536w, https:\/\/www.frejus.fun-city.fr\/wp-content\/uploads\/2026\/04\/imgi_5_20220223_170354-400x300.jpg 400w, https:\/\/www.frejus.fun-city.fr\/wp-content\/uploads\/2026\/04\/imgi_5_20220223_170354-760x570.jpg 760w, https:\/\/www.frejus.fun-city.fr\/wp-content\/uploads\/2026\/04\/imgi_5_20220223_170354-370x278.jpg 370w\" sizes=\"(max-width: 1600px) 100vw, 1600px\" \/>\t\t\t\t\t\t\t\t\t\t\t\t\t\t\t<\/div>\n\t\t\t\t\t<\/div>\n\t\t<\/div>\n\t\t\t\t\t<\/div>\n\t\t<\/section>\n\t\t<div class=\"elementor-element elementor-element-57e283a e-flex e-con-boxed cmsmasters-block-default e-con e-parent\" data-id=\"57e283a\" data-element_type=\"container\" data-e-type=\"container\" data-settings=\"{&quot;background_background&quot;:&quot;classic&quot;}\">\n\t\t\t\t\t<div class=\"e-con-inner\">\n\t\t\t\t<div class=\"elementor-element elementor-element-74c6b71 cmsmasters-block-default cmsmasters-sticky-default elementor-widget elementor-widget-heading\" data-id=\"74c6b71\" data-element_type=\"widget\" data-e-type=\"widget\" data-widget_type=\"heading.default\">\n\t\t\t\t\t<h3 class=\"elementor-heading-title elementor-size-default\">Horaires d\u2019ouverture<\/h3>\t\t\t\t<\/div>\n\t\t\t\t<div class=\"elementor-element elementor-element-0301a4e cmsmasters-block-default cmsmasters-sticky-default elementor-widget elementor-widget-html\" data-id=\"0301a4e\" data-element_type=\"widget\" data-e-type=\"widget\" data-widget_type=\"html.default\">\n\t\t\t\t\t<table style=\"width:100%; border-collapse:collapse; text-align:left;\">\r\n  <thead>\r\n    <tr style=\"background-color:#ccf4a1;\">\r\n      <th style=\"padding:10px; width:50%;\"><\/th>\r\n      <th style=\"padding:10px;\">JOURS<\/th>\r\n      <th style=\"padding:10px;\">HORAIRES<\/th>\r\n    <\/tr>\r\n  <\/thead>\r\n  <tbody>\r\n    <tr style=\"background-color:#d9f8b0;\">\r\n      <td style=\"padding:10px; font-weight:bold;\">P\u00e9riode scolaire de la zone B<\/td>\r\n      <td style=\"padding:10px;\">Mercredi, samedi et Dimanche<\/td>\r\n      <td style=\"padding:10px;\">10h - 19h<\/td>\r\n    <\/tr>\r\n    <tr style=\"background-color:#ccf4a1;\">\r\n      <td style=\"padding:10px; font-weight:bold;\">Vacances scolaires (Zone B) et jours f\u00e9ri\u00e9s<\/td>\r\n      <td style=\"padding:10px;\">Tous les jours<\/td>\r\n      <td style=\"padding:10px;\">10h - 19h<\/td>\r\n    <\/tr>\r\n    <tr style=\"background-color:#d9f8b0;\">\r\n      <td style=\"padding:10px; font-weight:bold;\">Vacances scolaires \u00e9t\u00e9<\/td>\r\n      <td style=\"padding:10px;\">Ouvert tous les jours<\/td>\r\n      <td style=\"padding:10px;\">10h - 19h<\/td>\r\n    <\/tr>\r\n    <tr style=\"background-color:#ccf4a1;\">\r\n      <td style=\"padding:10px; font-weight:bold;\">Jours f\u00e9ri\u00e9s<\/td>\r\n      <td style=\"padding:10px;\">Jours f\u00e9ri\u00e9s<\/td>\r\n      <td style=\"padding:10px;\">10h - 19h<\/td>\r\n    <\/tr>\r\n    <tr style=\"background-color:#d9f8b0;\">\r\n      <td style=\"padding:10px; font-weight:bold;\">FERMETURE EXCEPTIONNELLE<\/td>\r\n      <td style=\"padding:10px;\">Le 24\/12 et 31\/12<\/td>\r\n      <td style=\"padding:10px;\">Fermeture \u00e0 17h<\/td>\r\n    <\/tr>\r\n    <tr style=\"background-color:#ccf4a1;\">\r\n      <td><\/td>\r\n      <td style=\"padding:10px;\">Le 25\/12 et le 1er\/01<\/td>\r\n      <td style=\"padding:10px;\">Ferm\u00e9 toute la journ\u00e9e<\/td>\r\n    <\/tr>\r\n  <\/tbody>\r\n<\/table>\r\n\t\t\t\t<\/div>\n\t\t\t\t\t<\/div>\n\t\t\t\t<\/div>\n\t\t\t\t<section class=\"elementor-section elementor-top-section elementor-element elementor-element-aa332f7 elementor-section-full_width elementor-section-height-default elementor-section-height-default cmsmasters-block-default\" data-id=\"aa332f7\" data-element_type=\"section\" data-e-type=\"section\" data-settings=\"{&quot;background_background&quot;:&quot;classic&quot;,&quot;shape_divider_top&quot;:&quot;zigzag&quot;}\">\n\t\t\t\t\t<div class=\"elementor-shape elementor-shape-top\" aria-hidden=\"true\" data-negative=\"false\">\n\t\t\t<svg xmlns=\"http:\/\/www.w3.org\/2000\/svg\" viewBox=\"0 0 1800 5.8\" preserveAspectRatio=\"none\">\n  <path class=\"elementor-shape-fill\" d=\"M5.4.4l5.4 5.3L16.5.4l5.4 5.3L27.5.4 33 5.7 38.6.4l5.5 5.4h.1L49.9.4l5.4 5.3L60.9.4l5.5 5.3L72 .4l5.5 5.3L83.1.4l5.4 5.3L94.1.4l5.5 5.4h.2l5.6-5.4 5.5 5.3 5.6-5.3 5.4 5.3 5.6-5.3 5.5 5.3 5.6-5.3 5.5 5.4h.2l5.6-5.4 5.4 5.3L161 .4l5.4 5.3L172 .4l5.5 5.3 5.6-5.3 5.4 5.3 5.7-5.3 5.4 5.4h.2l5.6-5.4 5.5 5.3 5.6-5.3 5.5 5.3 5.6-5.3 5.4 5.3 5.6-5.3 5.5 5.4h.2l5.6-5.4 5.5 5.3L261 .4l5.4 5.3L272 .4l5.5 5.3 5.6-5.3 5.5 5.3 5.6-5.3 5.5 5.4h.1l5.7-5.4 5.4 5.3 5.6-5.3 5.5 5.3 5.6-5.3 5.4 5.3 5.7-5.3 5.4 5.4h.2l5.6-5.4 5.5 5.3L361 .4l5.5 5.3 5.6-5.3 5.4 5.3 5.6-5.3 5.5 5.3 5.6-5.3 5.5 5.4h.1l5.7-5.4 5.4 5.3 5.6-5.3 5.5 5.3 5.6-5.3 5.5 5.3 5.6-5.3 5.5 5.4h.1l5.6-5.4 5.5 5.3L461 .4l5.5 5.3 5.6-5.3 5.4 5.3 5.7-5.3 5.4 5.3 5.6-5.3 5.5 5.4h.2l5.6-5.4 5.5 5.3 5.6-5.3 5.4 5.3 5.6-5.3 5.5 5.3 5.6-5.3 5.5 5.4h.1L550 .4l5.4 5.3L561 .4l5.5 5.3 5.6-5.3 5.5 5.3 5.6-5.3 5.4 5.3 5.6-5.3 5.5 5.4h.2l5.6-5.4 5.5 5.3 5.6-5.3 5.4 5.3 5.7-5.3 5.4 5.3 5.6-5.3 5.5 5.4h.2L650 .4l5.5 5.3 5.6-5.3 5.4 5.3 5.6-5.3 5.5 5.3 5.6-5.3 5.5 5.3 5.6-5.3 5.4 5.4h.2l5.6-5.4 5.5 5.3 5.6-5.3 5.5 5.3 5.6-5.3 5.4 5.3 5.6-5.3 5.5 5.4h.2L750 .4l5.5 5.3 5.6-5.3 5.4 5.3 5.7-5.3 5.4 5.3 5.6-5.3 5.5 5.3 5.6-5.3 5.5 5.4h.1l5.7-5.4 5.4 5.3 5.6-5.3 5.5 5.3 5.6-5.3 5.5 5.3 5.6-5.3 5.4 5.4h.2L850 .4l5.5 5.3 5.6-5.3 5.5 5.3 5.6-5.3 5.4 5.3 5.6-5.3 5.5 5.3 5.6-5.3 5.5 5.4h.2l5.6-5.4 5.4 5.3 5.7-5.3 5.4 5.3 5.6-5.3 5.5 5.3 5.6-5.3 5.5 5.4h.1l5.7-5.4 5.4 5.3 5.6-5.3 5.5 5.3 5.6-5.3 5.5 5.3 5.6-5.3 5.4 5.3 5.6-5.3 5.5 5.4h.2l5.6-5.4 5.5 5.3 5.6-5.3 5.4 5.3 5.6-5.3 5.5 5.3 5.6-5.3 5.5 5.4h.2l5.6-5.4 5.4 5.3 5.7-5.3 5.4 5.3 5.6-5.3 5.5 5.3 5.6-5.3 5.5 5.3 5.6-5.3 5.4 5.4h.2l5.6-5.4 5.5 5.3 5.6-5.3 5.5 5.3 5.6-5.3 5.4 5.3 5.6-5.3 5.5 5.4h.2l5.6-5.4 5.5 5.3 5.6-5.3 5.4 5.3 5.6-5.3 5.5 5.3 5.6-5.3 5.5 5.3 5.6-5.3 5.5 5.4h.1l5.7-5.4 5.4 5.3 5.6-5.3 5.5 5.3 5.6-5.3 5.5 5.3 5.6-5.3 5.4 5.4h.2l5.6-5.4 5.5 5.3 5.6-5.3 5.5 5.3 5.6-5.3 5.4 5.3 5.6-5.3 5.5 5.3 5.6-5.3 5.5 5.4h.2l5.6-5.4 5.4 5.3 5.6-5.3 5.5 5.3 5.6-5.3 5.5 5.3 5.6-5.3 5.5 5.4h.1l5.7-5.4 5.4 5.3 5.6-5.3 5.5 5.3 5.6-5.3 5.5 5.3 5.6-5.3 5.4 5.3 5.6-5.3 5.5 5.4h.2l5.6-5.4 5.5 5.3 5.6-5.3 5.4 5.3 5.6-5.3 5.5 5.3 5.6-5.3 5.5 5.4h.2l5.6-5.4 5.4 5.3 5.6-5.3 5.5 5.3 5.6-5.3 5.5 5.3 5.6-5.3 5.4 5.3 5.7-5.3 5.4 5.4h.2l5.6-5.4 5.5 5.3 5.6-5.3 5.5 5.3 5.6-5.3 5.4 5.3 5.6-5.3 5.5 5.4h.2l5.6-5.4 5.5 5.3 5.6-5.3 5.4 5.3 5.6-5.3 5.5 5.3 5.6-5.3 5.5 5.3 5.6-5.3 5.5 5.4h.1l5.6-5.4 5.5 5.3 5.6-5.3 5.5 5.3 5.6-5.3 5.4 5.3 5.7-5.3 5.4 5.4h.2l5.6-5.4 5.5 5.3 5.6-5.3 5.5 5.3 5.6-5.3 5.4 5.3 5.6-5.3 5.5 5.3 5.6-5.3 5.5 5.4h.1l5.7-5.4 5.4 5.3 5.6-5.3 5.5 5.3 5.6-5.3 5.5 5.3 5.6-5.3 5.5 5.4h.1l5.6-5.4 5.5 5.3 5.6-5.3 5.5 5.3 5.6-5.3 5.4 5.3 5.7-5.3 5.4 5.3 5.6-5.3 5.5 5.4V0H-.2v5.8z\"\/>\n<\/svg>\n\t\t<\/div>\n\t\t\t\t\t<div class=\"elementor-container elementor-column-gap-no\">\n\t\t\t\t\t<div class=\"elementor-column elementor-col-100 elementor-top-column elementor-element elementor-element-34320bde\" data-id=\"34320bde\" data-element_type=\"column\" data-e-type=\"column\">\n\t\t\t<div class=\"elementor-widget-wrap elementor-element-populated\">\n\t\t\t\t\t\t<section class=\"elementor-section elementor-inner-section elementor-element elementor-element-5ea70a3 elementor-section-boxed elementor-section-height-default elementor-section-height-default cmsmasters-block-default\" data-id=\"5ea70a3\" data-element_type=\"section\" data-e-type=\"section\">\n\t\t\t\t\t\t<div class=\"elementor-container elementor-column-gap-wide\">\n\t\t\t\t\t<div class=\"elementor-column elementor-col-100 elementor-inner-column elementor-element elementor-element-2292a3a6\" data-id=\"2292a3a6\" data-element_type=\"column\" data-e-type=\"column\">\n\t\t\t<div class=\"elementor-widget-wrap elementor-element-populated\">\n\t\t\t\t\t\t<div class=\"elementor-element elementor-element-6814f6da cmsmasters-block-default cmsmasters-sticky-default elementor-widget elementor-widget-heading\" data-id=\"6814f6da\" data-element_type=\"widget\" data-e-type=\"widget\" data-widget_type=\"heading.default\">\n\t\t\t\t\t<h2 class=\"elementor-heading-title elementor-size-default\">Tarifs<\/h2>\t\t\t\t<\/div>\n\t\t\t\t<div class=\"elementor-element elementor-element-bd3299b elementor-widget__width-initial cmsmasters-block-default cmsmasters-sticky-default elementor-widget elementor-widget-html\" data-id=\"bd3299b\" data-element_type=\"widget\" data-e-type=\"widget\" data-widget_type=\"html.default\">\n\t\t\t\t\t<table style=\"width:100%; border-collapse:collapse; text-align:left;\">\r\n  <tbody>\r\n    <tr style=\"background-color:#f8ed86;\">\r\n      <td style=\"padding:12px; font-weight:bold;\">Enfant de moins de 3 ans<\/td>\r\n      <td style=\"padding:12px; text-align:right;\">8 \u20ac<\/td>\r\n    <\/tr>\r\n    <tr style=\"background-color:#fcf39d;\">\r\n      <td style=\"padding:12px; font-weight:bold;\">Enfant de 3 \u00e0 12 ans<\/td>\r\n      <td style=\"padding:12px; text-align:right;\">12 \u20ac<\/td>\r\n    <\/tr>\r\n    <tr style=\"background-color:#f8ed86;\">\r\n      <td style=\"padding:12px; font-weight:bold;\">Adulte accompagnateur<\/td>\r\n      <td style=\"padding:12px; text-align:right;\">GRATUIT<\/td>\r\n    <\/tr>\r\n  <\/tbody>\r\n<\/table>\r\n\t\t\t\t<\/div>\n\t\t\t\t\t<\/div>\n\t\t<\/div>\n\t\t\t\t\t<\/div>\n\t\t<\/section>\n\t\t\t\t<div class=\"elementor-element elementor-element-3f49eed9 elementor-widget__width-initial elementor-absolute cmsmasters-effect cmsmasters-effect-type-scroll cmsmasters-block-default cmsmasters-sticky-default elementor-widget elementor-widget-image\" data-id=\"3f49eed9\" data-element_type=\"widget\" data-e-type=\"widget\" data-settings=\"{&quot;_position&quot;:&quot;absolute&quot;,&quot;cms_scroll_effects&quot;:[&quot;horizontal&quot;],&quot;cms_scroll_horizontal_speed&quot;:{&quot;unit&quot;:&quot;px&quot;,&quot;size&quot;:2,&quot;sizes&quot;:[]},&quot;cms_scroll_horizontal_direction&quot;:&quot;reverse&quot;,&quot;cms_scroll_horizontal&quot;:&quot;yes&quot;,&quot;cms_scroll_horizontal_timing&quot;:&quot;linear&quot;,&quot;cms_scroll_viewport&quot;:{&quot;unit&quot;:&quot;%&quot;,&quot;size&quot;:&quot;&quot;,&quot;sizes&quot;:{&quot;start&quot;:0,&quot;end&quot;:100}},&quot;cms_scroll_range&quot;:&quot;viewport&quot;,&quot;cms_scroll_devices&quot;:[&quot;desktop&quot;,&quot;tablet&quot;,&quot;mobile&quot;]}\" data-widget_type=\"image.default\">\n\t\t\t\t\t\t\t\t\t\t\t\t\t\t\t<img loading=\"lazy\" decoding=\"async\" width=\"292\" height=\"462\" src=\"https:\/\/www.frejus.fun-city.fr\/wp-content\/uploads\/2022\/09\/home-main-4.png\" class=\"attachment-large size-large wp-image-34620\" alt=\"\" srcset=\"https:\/\/www.frejus.fun-city.fr\/wp-content\/uploads\/2022\/09\/home-main-4.png 292w, https:\/\/www.frejus.fun-city.fr\/wp-content\/uploads\/2022\/09\/home-main-4-190x300.png 190w, https:\/\/www.frejus.fun-city.fr\/wp-content\/uploads\/2022\/09\/home-main-4-30x47.png 30w, https:\/\/www.frejus.fun-city.fr\/wp-content\/uploads\/2022\/09\/home-main-4-19x30.png 19w, https:\/\/www.frejus.fun-city.fr\/wp-content\/uploads\/2022\/09\/home-main-4-6x10.png 6w\" sizes=\"(max-width: 292px) 100vw, 292px\" \/>\t\t\t\t\t\t\t\t\t\t\t\t\t\t\t<\/div>\n\t\t\t\t\t<\/div>\n\t\t<\/div>\n\t\t\t\t\t<\/div>\n\t\t<\/section>\n\t\t<div class=\"elementor-element elementor-element-671993b e-flex e-con-boxed cmsmasters-block-default e-con e-parent\" data-id=\"671993b\" data-element_type=\"container\" data-e-type=\"container\" data-settings=\"{&quot;background_background&quot;:&quot;classic&quot;}\">\n\t\t\t\t\t<div class=\"e-con-inner\">\n\t\t\t\t<div class=\"elementor-element elementor-element-50247db cmsmasters-block-default cmsmasters-sticky-default elementor-widget elementor-widget-heading\" data-id=\"50247db\" data-element_type=\"widget\" data-e-type=\"widget\" data-widget_type=\"heading.default\">\n\t\t\t\t\t<h3 class=\"elementor-heading-title elementor-size-default\">Activit\u00e9s compl\u00e9mentaires (en suppl\u00e9ment)<\/h3>\t\t\t\t<\/div>\n\t\t\t\t<div class=\"elementor-element elementor-element-a5489f2 elementor-widget__width-initial cmsmasters-block-default cmsmasters-sticky-default elementor-widget elementor-widget-html\" data-id=\"a5489f2\" data-element_type=\"widget\" data-e-type=\"widget\" data-widget_type=\"html.default\">\n\t\t\t\t\t<table style=\"width:100%; border-collapse:collapse; text-align:left;\">\r\n  <tbody>\r\n    <tr style=\"background-color:#f8ed86;\">\r\n      <td style=\"padding:12px; font-weight:bold;\">Karting<\/td>\r\n      <td style=\"padding:12px;\">2 \u20ac le jeton, 5 \u20ac les 3 et 10 \u20ac les 7<\/td>\r\n    <\/tr>\r\n    <tr style=\"background-color:#fcf39d;\">\r\n      <td style=\"padding:12px; font-weight:bold;\">Bumpers<\/td>\r\n      <td style=\"padding:12px;\">3\u20ac pour un jeton et 10\u20ac pour 4<\/td>\r\n    <\/tr>\r\n    <tr style=\"background-color:#f8ed86;\">\r\n      <td style=\"padding:12px; font-weight:bold;\">LaserMaxx<\/td>\r\n      <td style=\"padding:12px;\">8\u20ac par enfant et par partie<\/td>\r\n    <\/tr>\r\n  <\/tbody>\r\n<\/table>\r\n\t\t\t\t<\/div>\n\t\t\t\t\t<\/div>\n\t\t\t\t<\/div>\n\t\t\t\t<\/div>\n\t\t","protected":false},"excerpt":{"rendered":"<p>Tout savoir sur nos tarifs et nos horaires d\u2019ouverture. R\u00e9server Horaires d\u2019ouverture JOURS HORAIRES P\u00e9riode scolaire de la zone B Mercredi, samedi et Dimanche 10h &#8211; 19h Vacances scolaires (Zone B) et jours f\u00e9ri\u00e9s Tous les jours 10h &#8211; 19h Vacances scolaires \u00e9t\u00e9 Ouvert tous les jours 10h &#8211; 19h Jours f\u00e9ri\u00e9s Jours f\u00e9ri\u00e9s 10h&#8230;<\/p>\n","protected":false},"author":1,"featured_media":0,"parent":0,"menu_order":0,"comment_status":"closed","ping_status":"closed","template":"","meta":{"_acf_changed":false,"pmpro_default_level":"","footnotes":""},"class_list":["post-36359","page","type-page","status-publish","hentry","pmpro-has-access"],"acf":[],"_links":{"self":[{"href":"https:\/\/www.frejus.fun-city.fr\/index.php\/wp-json\/wp\/v2\/pages\/36359","targetHints":{"allow":["GET"]}}],"collection":[{"href":"https:\/\/www.frejus.fun-city.fr\/index.php\/wp-json\/wp\/v2\/pages"}],"about":[{"href":"https:\/\/www.frejus.fun-city.fr\/index.php\/wp-json\/wp\/v2\/types\/page"}],"author":[{"embeddable":true,"href":"https:\/\/www.frejus.fun-city.fr\/index.php\/wp-json\/wp\/v2\/users\/1"}],"replies":[{"embeddable":true,"href":"https:\/\/www.frejus.fun-city.fr\/index.php\/wp-json\/wp\/v2\/comments?post=36359"}],"version-history":[{"count":58,"href":"https:\/\/www.frejus.fun-city.fr\/index.php\/wp-json\/wp\/v2\/pages\/36359\/revisions"}],"predecessor-version":[{"id":37052,"href":"https:\/\/www.frejus.fun-city.fr\/index.php\/wp-json\/wp\/v2\/pages\/36359\/revisions\/37052"}],"wp:attachment":[{"href":"https:\/\/www.frejus.fun-city.fr\/index.php\/wp-json\/wp\/v2\/media?parent=36359"}],"curies":[{"name":"wp","href":"https:\/\/api.w.org\/{rel}","templated":true}]}}